{"id":30170,"date":"2025-11-26T12:27:20","date_gmt":"2025-11-26T15:27:20","guid":{"rendered":"https:\/\/lojafilhosdemaria.com.br\/?post_type=product&#038;p=30170"},"modified":"2025-11-26T12:29:23","modified_gmt":"2025-11-26T15:29:23","slug":"caneca-do-presepio","status":"publish","type":"product","link":"https:\/\/lojafilhosdemaria.com.br\/?product=caneca-do-presepio","title":{"rendered":"Caneca do Pres\u00e9pio"},"content":{"rendered":"<p>Caneca do Pr\u00e9sepio em porcelana.<\/p>\n<p class=\"ckeditor-css\"><strong>Especifica\u00e7\u00f5es<br \/>\nAltura:<\/strong>\u00a09,5cm<br \/>\n<strong>Di\u00e2metro:\u00a0<\/strong>8cm<br \/>\n<strong>Capacidade:<\/strong>\u00a0300ml<br \/>\n<strong>Comprimento:\u00a0<\/strong>12cm<\/p>\n<p class=\"ckeditor-css\">*Medidas aproximadas<\/p>\n","protected":false},"excerpt":{"rendered":"<p>Caneca do Pr\u00e9sepio em porcelana. Especifica\u00e7\u00f5es Altura:\u00a09,5cm Di\u00e2metro:\u00a08cm Capacidade:\u00a0300ml Comprimento:\u00a012cm *Medidas aproximadas<\/p>\n","protected":false},"featured_media":30171,"comment_status":"open","ping_status":"closed","template":"","meta":{"_themeisle_gutenberg_block_has_review":false},"product_brand":[],"product_cat":[27],"product_tag":[249,85,261,250,260,86,84],"class_list":{"0":"post-30170","1":"product","2":"type-product","3":"status-publish","4":"has-post-thumbnail","6":"product_cat-canecas","7":"product_tag-caneca","8":"product_tag-familia","9":"product_tag-nascimento-de-jesus","10":"product_tag-porcelana","11":"product_tag-presepio","12":"product_tag-sagrada","13":"product_tag-sagrada-familia","14":"product_shipping_class-entrega-padrao","16":"first","17":"instock","18":"shipping-taxable","19":"purchasable","20":"product-type-simple"},"_links":{"self":[{"href":"https:\/\/lojafilhosdemaria.com.br\/index.php?rest_route=\/wp\/v2\/product\/30170","targetHints":{"allow":["GET"]}}],"collection":[{"href":"https:\/\/lojafilhosdemaria.com.br\/index.php?rest_route=\/wp\/v2\/product"}],"about":[{"href":"https:\/\/lojafilhosdemaria.com.br\/index.php?rest_route=\/wp\/v2\/types\/product"}],"replies":[{"embeddable":true,"href":"https:\/\/lojafilhosdemaria.com.br\/index.php?rest_route=%2Fwp%2Fv2%2Fcomments&post=30170"}],"version-history":[{"count":1,"href":"https:\/\/lojafilhosdemaria.com.br\/index.php?rest_route=\/wp\/v2\/product\/30170\/revisions"}],"predecessor-version":[{"id":30172,"href":"https:\/\/lojafilhosdemaria.com.br\/index.php?rest_route=\/wp\/v2\/product\/30170\/revisions\/30172"}],"wp:featuredmedia":[{"embeddable":true,"href":"https:\/\/lojafilhosdemaria.com.br\/index.php?rest_route=\/wp\/v2\/media\/30171"}],"wp:attachment":[{"href":"https:\/\/lojafilhosdemaria.com.br\/index.php?rest_route=%2Fwp%2Fv2%2Fmedia&parent=30170"}],"wp:term":[{"taxonomy":"product_brand","embeddable":true,"href":"https:\/\/lojafilhosdemaria.com.br\/index.php?rest_route=%2Fwp%2Fv2%2Fproduct_brand&post=30170"},{"taxonomy":"product_cat","embeddable":true,"href":"https:\/\/lojafilhosdemaria.com.br\/index.php?rest_route=%2Fwp%2Fv2%2Fproduct_cat&post=30170"},{"taxonomy":"product_tag","embeddable":true,"href":"https:\/\/lojafilhosdemaria.com.br\/index.php?rest_route=%2Fwp%2Fv2%2Fproduct_tag&post=30170"}],"curies":[{"name":"wp","href":"https:\/\/api.w.org\/{rel}","templated":true}]}}