{"id":30168,"date":"2025-11-26T12:25:45","date_gmt":"2025-11-26T15:25:45","guid":{"rendered":"https:\/\/lojafilhosdemaria.com.br\/?post_type=product&#038;p=30168"},"modified":"2025-11-26T12:27:04","modified_gmt":"2025-11-26T15:27:04","slug":"caneca-de-santo-antonio","status":"publish","type":"product","link":"https:\/\/lojafilhosdemaria.com.br\/?product=caneca-de-santo-antonio","title":{"rendered":"Caneca de Santo Ant\u00f4nio"},"content":{"rendered":"<p>Caneca de Santo Ant\u00f4nio em porcelana.<\/p>\n<p class=\"ckeditor-css\"><strong>Especifica\u00e7\u00f5es<br \/>\nAltura:<\/strong>\u00a09,5cm<br \/>\n<strong>Di\u00e2metro:\u00a0<\/strong>8cm<br \/>\n<strong>Capacidade:<\/strong>\u00a0300ml<br \/>\n<strong>Comprimento:\u00a0<\/strong>12cm<\/p>\n<p class=\"ckeditor-css\">*Medidas aproximadas<\/p>\n","protected":false},"excerpt":{"rendered":"<p>Caneca de Santo Ant\u00f4nio em porcelana. Especifica\u00e7\u00f5es Altura:\u00a09,5cm Di\u00e2metro:\u00a08cm Capacidade:\u00a0300ml Comprimento:\u00a012cm *Medidas aproximadas<\/p>\n","protected":false},"featured_media":30134,"comment_status":"open","ping_status":"closed","template":"","meta":{"_themeisle_gutenberg_block_has_review":false},"product_brand":[],"product_cat":[27],"product_tag":[89,249,259,250,90,91],"class_list":{"0":"post-30168","1":"product","2":"type-product","3":"status-publish","4":"has-post-thumbnail","6":"product_cat-canecas","7":"product_tag-antonio","8":"product_tag-caneca","9":"product_tag-caneca-de-santo-antonio","10":"product_tag-porcelana","11":"product_tag-santo","12":"product_tag-santo-antonio","13":"product_shipping_class-entrega-padrao","15":"first","16":"instock","17":"shipping-taxable","18":"purchasable","19":"product-type-simple"},"_links":{"self":[{"href":"https:\/\/lojafilhosdemaria.com.br\/index.php?rest_route=\/wp\/v2\/product\/30168","targetHints":{"allow":["GET"]}}],"collection":[{"href":"https:\/\/lojafilhosdemaria.com.br\/index.php?rest_route=\/wp\/v2\/product"}],"about":[{"href":"https:\/\/lojafilhosdemaria.com.br\/index.php?rest_route=\/wp\/v2\/types\/product"}],"replies":[{"embeddable":true,"href":"https:\/\/lojafilhosdemaria.com.br\/index.php?rest_route=%2Fwp%2Fv2%2Fcomments&post=30168"}],"version-history":[{"count":1,"href":"https:\/\/lojafilhosdemaria.com.br\/index.php?rest_route=\/wp\/v2\/product\/30168\/revisions"}],"predecessor-version":[{"id":30169,"href":"https:\/\/lojafilhosdemaria.com.br\/index.php?rest_route=\/wp\/v2\/product\/30168\/revisions\/30169"}],"wp:featuredmedia":[{"embeddable":true,"href":"https:\/\/lojafilhosdemaria.com.br\/index.php?rest_route=\/wp\/v2\/media\/30134"}],"wp:attachment":[{"href":"https:\/\/lojafilhosdemaria.com.br\/index.php?rest_route=%2Fwp%2Fv2%2Fmedia&parent=30168"}],"wp:term":[{"taxonomy":"product_brand","embeddable":true,"href":"https:\/\/lojafilhosdemaria.com.br\/index.php?rest_route=%2Fwp%2Fv2%2Fproduct_brand&post=30168"},{"taxonomy":"product_cat","embeddable":true,"href":"https:\/\/lojafilhosdemaria.com.br\/index.php?rest_route=%2Fwp%2Fv2%2Fproduct_cat&post=30168"},{"taxonomy":"product_tag","embeddable":true,"href":"https:\/\/lojafilhosdemaria.com.br\/index.php?rest_route=%2Fwp%2Fv2%2Fproduct_tag&post=30168"}],"curies":[{"name":"wp","href":"https:\/\/api.w.org\/{rel}","templated":true}]}}