{"id":30137,"date":"2025-09-21T13:02:12","date_gmt":"2025-09-21T16:02:12","guid":{"rendered":"https:\/\/lojafilhosdemaria.com.br\/?post_type=product&#038;p=30137"},"modified":"2025-09-21T13:11:22","modified_gmt":"2025-09-21T16:11:22","slug":"caneca-de-sao-miguel-arcanjo","status":"publish","type":"product","link":"https:\/\/lojafilhosdemaria.com.br\/?product=caneca-de-sao-miguel-arcanjo","title":{"rendered":"Caneca de S\u00e3o Miguel Arcanjo"},"content":{"rendered":"<p>Caneca de S\u00e3o Miguel Arcanjo em porcelana.<\/p>\n<p class=\"ckeditor-css\"><strong>Especifica\u00e7\u00f5es<br \/>\nAltura:<\/strong>\u00a09,5cm<br \/>\n<strong>Di\u00e2metro:\u00a0<\/strong>8cm<br \/>\n<strong>Capacidade:<\/strong>\u00a0300ml<br \/>\n<strong>Comprimento:\u00a0<\/strong>12cm<\/p>\n<p class=\"ckeditor-css\">*Medidas aproximadas<\/p>\n","protected":false},"excerpt":{"rendered":"<p>Caneca de S\u00e3o Miguel Arcanjo em porcelana. Especifica\u00e7\u00f5es Altura:\u00a09,5cm Di\u00e2metro:\u00a08cm Capacidade:\u00a0300ml Comprimento:\u00a012cm *Medidas aproximadas<\/p>\n","protected":false},"featured_media":30129,"comment_status":"open","ping_status":"closed","template":"","meta":{"_themeisle_gutenberg_block_has_review":false},"product_brand":[],"product_cat":[27],"product_tag":[251,249,136,250,93,137,174],"class_list":{"0":"post-30137","1":"product","2":"type-product","3":"status-publish","4":"has-post-thumbnail","6":"product_cat-canecas","7":"product_tag-arcanjo","8":"product_tag-caneca","9":"product_tag-miguel","10":"product_tag-porcelana","11":"product_tag-sao","12":"product_tag-sao-miguel","13":"product_tag-sao-miguel-arcanjo","14":"product_shipping_class-entrega-padrao","16":"first","17":"instock","18":"shipping-taxable","19":"purchasable","20":"product-type-simple"},"_links":{"self":[{"href":"https:\/\/lojafilhosdemaria.com.br\/index.php?rest_route=\/wp\/v2\/product\/30137","targetHints":{"allow":["GET"]}}],"collection":[{"href":"https:\/\/lojafilhosdemaria.com.br\/index.php?rest_route=\/wp\/v2\/product"}],"about":[{"href":"https:\/\/lojafilhosdemaria.com.br\/index.php?rest_route=\/wp\/v2\/types\/product"}],"replies":[{"embeddable":true,"href":"https:\/\/lojafilhosdemaria.com.br\/index.php?rest_route=%2Fwp%2Fv2%2Fcomments&post=30137"}],"version-history":[{"count":2,"href":"https:\/\/lojafilhosdemaria.com.br\/index.php?rest_route=\/wp\/v2\/product\/30137\/revisions"}],"predecessor-version":[{"id":30141,"href":"https:\/\/lojafilhosdemaria.com.br\/index.php?rest_route=\/wp\/v2\/product\/30137\/revisions\/30141"}],"wp:featuredmedia":[{"embeddable":true,"href":"https:\/\/lojafilhosdemaria.com.br\/index.php?rest_route=\/wp\/v2\/media\/30129"}],"wp:attachment":[{"href":"https:\/\/lojafilhosdemaria.com.br\/index.php?rest_route=%2Fwp%2Fv2%2Fmedia&parent=30137"}],"wp:term":[{"taxonomy":"product_brand","embeddable":true,"href":"https:\/\/lojafilhosdemaria.com.br\/index.php?rest_route=%2Fwp%2Fv2%2Fproduct_brand&post=30137"},{"taxonomy":"product_cat","embeddable":true,"href":"https:\/\/lojafilhosdemaria.com.br\/index.php?rest_route=%2Fwp%2Fv2%2Fproduct_cat&post=30137"},{"taxonomy":"product_tag","embeddable":true,"href":"https:\/\/lojafilhosdemaria.com.br\/index.php?rest_route=%2Fwp%2Fv2%2Fproduct_tag&post=30137"}],"curies":[{"name":"wp","href":"https:\/\/api.w.org\/{rel}","templated":true}]}}