{"id":30110,"date":"2025-09-04T16:41:20","date_gmt":"2025-09-04T19:41:20","guid":{"rendered":"https:\/\/lojafilhosdemaria.com.br\/?post_type=product&#038;p=30110"},"modified":"2025-09-04T16:44:47","modified_gmt":"2025-09-04T19:44:47","slug":"adorno-sao-bento","status":"publish","type":"product","link":"https:\/\/lojafilhosdemaria.com.br\/?product=adorno-sao-bento","title":{"rendered":"Adorno S\u00e3o Bento"},"content":{"rendered":"<p>Adorno S\u00e3o Bento<\/p>\n<p><strong>Especifica\u00e7\u00f5es:<\/strong><\/p>\n<p>&nbsp;<\/p>\n<p><strong>Quadrado de cima:<\/strong> 8cm altura x 7,5cm de comprimento<\/p>\n<p><strong>Quadrado de baixo:<\/strong> 11cm altura x 7,5cm de comprimento<\/p>\n<p><strong>Comprimento total:<\/strong> 36cm<\/p>\n","protected":false},"excerpt":{"rendered":"<p>Adorno S\u00e3o Bento Especifica\u00e7\u00f5es: &nbsp; Quadrado de cima: 8cm altura x 7,5cm de comprimento Quadrado de baixo: 11cm altura x<\/p>\n","protected":false},"featured_media":30111,"comment_status":"open","ping_status":"closed","template":"","meta":{"_themeisle_gutenberg_block_has_review":false},"product_brand":[],"product_cat":[20],"product_tag":[237,241,240,246],"class_list":{"0":"post-30110","1":"product","2":"type-product","3":"status-publish","4":"has-post-thumbnail","6":"product_cat-adornos","7":"product_tag-adorno","8":"product_tag-parede","9":"product_tag-porta","10":"product_tag-sao-bento","11":"product_shipping_class-entrega-padrao","13":"first","14":"instock","15":"shipping-taxable","16":"purchasable","17":"product-type-simple"},"_links":{"self":[{"href":"https:\/\/lojafilhosdemaria.com.br\/index.php?rest_route=\/wp\/v2\/product\/30110","targetHints":{"allow":["GET"]}}],"collection":[{"href":"https:\/\/lojafilhosdemaria.com.br\/index.php?rest_route=\/wp\/v2\/product"}],"about":[{"href":"https:\/\/lojafilhosdemaria.com.br\/index.php?rest_route=\/wp\/v2\/types\/product"}],"replies":[{"embeddable":true,"href":"https:\/\/lojafilhosdemaria.com.br\/index.php?rest_route=%2Fwp%2Fv2%2Fcomments&post=30110"}],"version-history":[{"count":1,"href":"https:\/\/lojafilhosdemaria.com.br\/index.php?rest_route=\/wp\/v2\/product\/30110\/revisions"}],"predecessor-version":[{"id":30112,"href":"https:\/\/lojafilhosdemaria.com.br\/index.php?rest_route=\/wp\/v2\/product\/30110\/revisions\/30112"}],"wp:featuredmedia":[{"embeddable":true,"href":"https:\/\/lojafilhosdemaria.com.br\/index.php?rest_route=\/wp\/v2\/media\/30111"}],"wp:attachment":[{"href":"https:\/\/lojafilhosdemaria.com.br\/index.php?rest_route=%2Fwp%2Fv2%2Fmedia&parent=30110"}],"wp:term":[{"taxonomy":"product_brand","embeddable":true,"href":"https:\/\/lojafilhosdemaria.com.br\/index.php?rest_route=%2Fwp%2Fv2%2Fproduct_brand&post=30110"},{"taxonomy":"product_cat","embeddable":true,"href":"https:\/\/lojafilhosdemaria.com.br\/index.php?rest_route=%2Fwp%2Fv2%2Fproduct_cat&post=30110"},{"taxonomy":"product_tag","embeddable":true,"href":"https:\/\/lojafilhosdemaria.com.br\/index.php?rest_route=%2Fwp%2Fv2%2Fproduct_tag&post=30110"}],"curies":[{"name":"wp","href":"https:\/\/api.w.org\/{rel}","templated":true}]}}