{"id":30104,"date":"2025-09-04T16:35:25","date_gmt":"2025-09-04T19:35:25","guid":{"rendered":"https:\/\/lojafilhosdemaria.com.br\/?post_type=product&#038;p=30104"},"modified":"2025-09-04T16:38:21","modified_gmt":"2025-09-04T19:38:21","slug":"adorno-de-sao-miguel-arcanjo","status":"publish","type":"product","link":"https:\/\/lojafilhosdemaria.com.br\/?product=adorno-de-sao-miguel-arcanjo","title":{"rendered":"Adorno de S\u00e3o Miguel Arcanjo"},"content":{"rendered":"<p>Adorno de S\u00e3o Miguel Arcanjo<\/p>\n<p><strong>Especifica\u00e7\u00f5es:<\/strong><\/p>\n<p>&nbsp;<\/p>\n<p><strong>Quadrado de cima:<\/strong> 8cm altura x 7,5cm de comprimento<\/p>\n<p><strong>Quadrado de baixo:<\/strong> 11cm altura x 7,5cm de comprimento<\/p>\n<p><strong>Comprimento total:<\/strong> 36cm<\/p>\n","protected":false},"excerpt":{"rendered":"<p>Adorno de S\u00e3o Miguel Arcanjo Especifica\u00e7\u00f5es: &nbsp; Quadrado de cima: 8cm altura x 7,5cm de comprimento Quadrado de baixo: 11cm<\/p>\n","protected":false},"featured_media":0,"comment_status":"open","ping_status":"closed","template":"","meta":{"_themeisle_gutenberg_block_has_review":false},"product_brand":[],"product_cat":[20],"product_tag":[237,241,240,174],"class_list":{"0":"post-30104","1":"product","2":"type-product","3":"status-publish","5":"product_cat-adornos","6":"product_tag-adorno","7":"product_tag-parede","8":"product_tag-porta","9":"product_tag-sao-miguel-arcanjo","10":"product_shipping_class-entrega-padrao","12":"first","13":"instock","14":"shipping-taxable","15":"purchasable","16":"product-type-simple"},"_links":{"self":[{"href":"https:\/\/lojafilhosdemaria.com.br\/index.php?rest_route=\/wp\/v2\/product\/30104","targetHints":{"allow":["GET"]}}],"collection":[{"href":"https:\/\/lojafilhosdemaria.com.br\/index.php?rest_route=\/wp\/v2\/product"}],"about":[{"href":"https:\/\/lojafilhosdemaria.com.br\/index.php?rest_route=\/wp\/v2\/types\/product"}],"replies":[{"embeddable":true,"href":"https:\/\/lojafilhosdemaria.com.br\/index.php?rest_route=%2Fwp%2Fv2%2Fcomments&post=30104"}],"version-history":[{"count":1,"href":"https:\/\/lojafilhosdemaria.com.br\/index.php?rest_route=\/wp\/v2\/product\/30104\/revisions"}],"predecessor-version":[{"id":30106,"href":"https:\/\/lojafilhosdemaria.com.br\/index.php?rest_route=\/wp\/v2\/product\/30104\/revisions\/30106"}],"wp:attachment":[{"href":"https:\/\/lojafilhosdemaria.com.br\/index.php?rest_route=%2Fwp%2Fv2%2Fmedia&parent=30104"}],"wp:term":[{"taxonomy":"product_brand","embeddable":true,"href":"https:\/\/lojafilhosdemaria.com.br\/index.php?rest_route=%2Fwp%2Fv2%2Fproduct_brand&post=30104"},{"taxonomy":"product_cat","embeddable":true,"href":"https:\/\/lojafilhosdemaria.com.br\/index.php?rest_route=%2Fwp%2Fv2%2Fproduct_cat&post=30104"},{"taxonomy":"product_tag","embeddable":true,"href":"https:\/\/lojafilhosdemaria.com.br\/index.php?rest_route=%2Fwp%2Fv2%2Fproduct_tag&post=30104"}],"curies":[{"name":"wp","href":"https:\/\/api.w.org\/{rel}","templated":true}]}}