{"id":30100,"date":"2025-09-04T16:04:47","date_gmt":"2025-09-04T19:04:47","guid":{"rendered":"https:\/\/lojafilhosdemaria.com.br\/?post_type=product&#038;p=30100"},"modified":"2025-09-04T16:33:53","modified_gmt":"2025-09-04T19:33:53","slug":"adorno-de-sao-jose-e-o-menino-jesus","status":"publish","type":"product","link":"https:\/\/lojafilhosdemaria.com.br\/?product=adorno-de-sao-jose-e-o-menino-jesus","title":{"rendered":"Adorno de S\u00e3o Jose e o menino Jesus"},"content":{"rendered":"<p>Adorno de S\u00e3o Jose e o menino Jesus<\/p>\n<p><strong>Especifica\u00e7\u00f5es:<\/strong><\/p>\n<p>&nbsp;<\/p>\n<p><strong>Quadrado de cima:<\/strong> 8cm altura x 7,5cm de comprimento<\/p>\n<p><strong>Quadrado de baixo:<\/strong> 11cm altura x 7,5cm de comprimento<\/p>\n<p><strong>Comprimento total:<\/strong> 36cm<\/p>\n","protected":false},"excerpt":{"rendered":"<p>Adorno de S\u00e3o Jose e o menino Jesus Especifica\u00e7\u00f5es: &nbsp; Quadrado de cima: 8cm altura x 7,5cm de comprimento Quadrado<\/p>\n","protected":false},"featured_media":30102,"comment_status":"open","ping_status":"closed","template":"","meta":{"_themeisle_gutenberg_block_has_review":false},"product_brand":[],"product_cat":[20],"product_tag":[237,243,241,240],"class_list":{"0":"post-30100","1":"product","2":"type-product","3":"status-publish","4":"has-post-thumbnail","6":"product_cat-adornos","7":"product_tag-adorno","8":"product_tag-adorno-de-sao-jose-e-o-menino-jesus","9":"product_tag-parede","10":"product_tag-porta","11":"product_shipping_class-entrega-padrao","13":"first","14":"instock","15":"shipping-taxable","16":"purchasable","17":"product-type-simple"},"_links":{"self":[{"href":"https:\/\/lojafilhosdemaria.com.br\/index.php?rest_route=\/wp\/v2\/product\/30100","targetHints":{"allow":["GET"]}}],"collection":[{"href":"https:\/\/lojafilhosdemaria.com.br\/index.php?rest_route=\/wp\/v2\/product"}],"about":[{"href":"https:\/\/lojafilhosdemaria.com.br\/index.php?rest_route=\/wp\/v2\/types\/product"}],"replies":[{"embeddable":true,"href":"https:\/\/lojafilhosdemaria.com.br\/index.php?rest_route=%2Fwp%2Fv2%2Fcomments&post=30100"}],"version-history":[{"count":2,"href":"https:\/\/lojafilhosdemaria.com.br\/index.php?rest_route=\/wp\/v2\/product\/30100\/revisions"}],"predecessor-version":[{"id":30103,"href":"https:\/\/lojafilhosdemaria.com.br\/index.php?rest_route=\/wp\/v2\/product\/30100\/revisions\/30103"}],"wp:featuredmedia":[{"embeddable":true,"href":"https:\/\/lojafilhosdemaria.com.br\/index.php?rest_route=\/wp\/v2\/media\/30102"}],"wp:attachment":[{"href":"https:\/\/lojafilhosdemaria.com.br\/index.php?rest_route=%2Fwp%2Fv2%2Fmedia&parent=30100"}],"wp:term":[{"taxonomy":"product_brand","embeddable":true,"href":"https:\/\/lojafilhosdemaria.com.br\/index.php?rest_route=%2Fwp%2Fv2%2Fproduct_brand&post=30100"},{"taxonomy":"product_cat","embeddable":true,"href":"https:\/\/lojafilhosdemaria.com.br\/index.php?rest_route=%2Fwp%2Fv2%2Fproduct_cat&post=30100"},{"taxonomy":"product_tag","embeddable":true,"href":"https:\/\/lojafilhosdemaria.com.br\/index.php?rest_route=%2Fwp%2Fv2%2Fproduct_tag&post=30100"}],"curies":[{"name":"wp","href":"https:\/\/api.w.org\/{rel}","templated":true}]}}