{"id":30075,"date":"2025-09-03T09:40:07","date_gmt":"2025-09-03T12:40:07","guid":{"rendered":"https:\/\/lojafilhosdemaria.com.br\/?post_type=product&#038;p=30075"},"modified":"2025-09-03T17:03:48","modified_gmt":"2025-09-03T20:03:48","slug":"produto-teste","status":"publish","type":"product","link":"https:\/\/lojafilhosdemaria.com.br\/?product=produto-teste","title":{"rendered":"produto teste"},"content":{"rendered":"<p>Ter\u00e7o do Anjo da Guarda Azul claro<\/p>\n<p><strong>Especifica\u00e7\u00f5es:<\/strong><br \/>\n<strong>Conta:<\/strong>\u00a08mm<br \/>\n<strong>Medalha: <\/strong>3,5cm altura x 2,5cm largura<br \/>\n<strong>Crucifixo:<\/strong> 4,5cm altura x 2,5cm largura<br \/>\n<strong>Comprimento:<\/strong> 37cm<\/p>\n<p>*Medidas aproximadas<\/p>\n","protected":false},"excerpt":{"rendered":"<p>Ter\u00e7o do Anjo da Guarda Azul claro Especifica\u00e7\u00f5es: Conta:\u00a08mm Medalha: 3,5cm altura x 2,5cm largura Crucifixo: 4,5cm altura x 2,5cm<\/p>\n","protected":false},"featured_media":0,"comment_status":"open","ping_status":"closed","template":"","meta":{"_themeisle_gutenberg_block_has_review":false},"product_brand":[],"product_cat":[74],"product_tag":[235,214,124,236],"class_list":{"0":"post-30075","1":"product","2":"type-product","3":"status-publish","5":"product_cat-tercos","6":"product_tag-anjo-da-guarda","7":"product_tag-azul-claro","8":"product_tag-terco","9":"product_tag-terco-do-anjo-da-guarda","10":"product_shipping_class-entrega-padrao","12":"first","13":"instock","14":"downloadable","15":"virtual","16":"purchasable","17":"product-type-simple"},"_links":{"self":[{"href":"https:\/\/lojafilhosdemaria.com.br\/index.php?rest_route=\/wp\/v2\/product\/30075","targetHints":{"allow":["GET"]}}],"collection":[{"href":"https:\/\/lojafilhosdemaria.com.br\/index.php?rest_route=\/wp\/v2\/product"}],"about":[{"href":"https:\/\/lojafilhosdemaria.com.br\/index.php?rest_route=\/wp\/v2\/types\/product"}],"replies":[{"embeddable":true,"href":"https:\/\/lojafilhosdemaria.com.br\/index.php?rest_route=%2Fwp%2Fv2%2Fcomments&post=30075"}],"version-history":[{"count":1,"href":"https:\/\/lojafilhosdemaria.com.br\/index.php?rest_route=\/wp\/v2\/product\/30075\/revisions"}],"predecessor-version":[{"id":30076,"href":"https:\/\/lojafilhosdemaria.com.br\/index.php?rest_route=\/wp\/v2\/product\/30075\/revisions\/30076"}],"wp:attachment":[{"href":"https:\/\/lojafilhosdemaria.com.br\/index.php?rest_route=%2Fwp%2Fv2%2Fmedia&parent=30075"}],"wp:term":[{"taxonomy":"product_brand","embeddable":true,"href":"https:\/\/lojafilhosdemaria.com.br\/index.php?rest_route=%2Fwp%2Fv2%2Fproduct_brand&post=30075"},{"taxonomy":"product_cat","embeddable":true,"href":"https:\/\/lojafilhosdemaria.com.br\/index.php?rest_route=%2Fwp%2Fv2%2Fproduct_cat&post=30075"},{"taxonomy":"product_tag","embeddable":true,"href":"https:\/\/lojafilhosdemaria.com.br\/index.php?rest_route=%2Fwp%2Fv2%2Fproduct_tag&post=30075"}],"curies":[{"name":"wp","href":"https:\/\/api.w.org\/{rel}","templated":true}]}}