{"id":30071,"date":"2025-09-02T17:58:04","date_gmt":"2025-09-02T20:58:04","guid":{"rendered":"https:\/\/lojafilhosdemaria.com.br\/?post_type=product&#038;p=30071"},"modified":"2025-09-02T18:02:20","modified_gmt":"2025-09-02T21:02:20","slug":"terco-do-anjo-da-guarda-azul-claro","status":"publish","type":"product","link":"https:\/\/lojafilhosdemaria.com.br\/?product=terco-do-anjo-da-guarda-azul-claro","title":{"rendered":"Ter\u00e7o do Anjo da Guarda Azul claro"},"content":{"rendered":"<p>Ter\u00e7o do Anjo da Guarda Azul claro<\/p>\n<p><strong>Especifica\u00e7\u00f5es:<\/strong><br \/>\n<strong>Conta:<\/strong>\u00a08mm<br \/>\n<strong>Medalha: <\/strong>3,5cm altura x 2,5cm largura<br \/>\n<strong>Crucifixo:<\/strong> 4,5cm altura x 2,5cm largura<br \/>\n<strong>Comprimento:<\/strong> 37cm<\/p>\n<p>*Medidas aproximadas<\/p>\n","protected":false},"excerpt":{"rendered":"<p>Ter\u00e7o do Anjo da Guarda Azul claro Especifica\u00e7\u00f5es: Conta:\u00a08mm Medalha: 3,5cm altura x 2,5cm largura Crucifixo: 4,5cm altura x 2,5cm<\/p>\n","protected":false},"featured_media":30072,"comment_status":"open","ping_status":"closed","template":"","meta":{"_themeisle_gutenberg_block_has_review":false},"product_brand":[],"product_cat":[74],"product_tag":[235,214,124,236],"class_list":{"0":"post-30071","1":"product","2":"type-product","3":"status-publish","4":"has-post-thumbnail","6":"product_cat-tercos","7":"product_tag-anjo-da-guarda","8":"product_tag-azul-claro","9":"product_tag-terco","10":"product_tag-terco-do-anjo-da-guarda","11":"product_shipping_class-entrega-padrao","13":"first","14":"instock","15":"shipping-taxable","16":"purchasable","17":"product-type-simple"},"_links":{"self":[{"href":"https:\/\/lojafilhosdemaria.com.br\/index.php?rest_route=\/wp\/v2\/product\/30071","targetHints":{"allow":["GET"]}}],"collection":[{"href":"https:\/\/lojafilhosdemaria.com.br\/index.php?rest_route=\/wp\/v2\/product"}],"about":[{"href":"https:\/\/lojafilhosdemaria.com.br\/index.php?rest_route=\/wp\/v2\/types\/product"}],"replies":[{"embeddable":true,"href":"https:\/\/lojafilhosdemaria.com.br\/index.php?rest_route=%2Fwp%2Fv2%2Fcomments&post=30071"}],"version-history":[{"count":1,"href":"https:\/\/lojafilhosdemaria.com.br\/index.php?rest_route=\/wp\/v2\/product\/30071\/revisions"}],"predecessor-version":[{"id":30073,"href":"https:\/\/lojafilhosdemaria.com.br\/index.php?rest_route=\/wp\/v2\/product\/30071\/revisions\/30073"}],"wp:featuredmedia":[{"embeddable":true,"href":"https:\/\/lojafilhosdemaria.com.br\/index.php?rest_route=\/wp\/v2\/media\/30072"}],"wp:attachment":[{"href":"https:\/\/lojafilhosdemaria.com.br\/index.php?rest_route=%2Fwp%2Fv2%2Fmedia&parent=30071"}],"wp:term":[{"taxonomy":"product_brand","embeddable":true,"href":"https:\/\/lojafilhosdemaria.com.br\/index.php?rest_route=%2Fwp%2Fv2%2Fproduct_brand&post=30071"},{"taxonomy":"product_cat","embeddable":true,"href":"https:\/\/lojafilhosdemaria.com.br\/index.php?rest_route=%2Fwp%2Fv2%2Fproduct_cat&post=30071"},{"taxonomy":"product_tag","embeddable":true,"href":"https:\/\/lojafilhosdemaria.com.br\/index.php?rest_route=%2Fwp%2Fv2%2Fproduct_tag&post=30071"}],"curies":[{"name":"wp","href":"https:\/\/api.w.org\/{rel}","templated":true}]}}