{"id":30065,"date":"2025-09-02T17:31:38","date_gmt":"2025-09-02T20:31:38","guid":{"rendered":"https:\/\/lojafilhosdemaria.com.br\/?post_type=product&#038;p=30065"},"modified":"2025-09-02T17:47:09","modified_gmt":"2025-09-02T20:47:09","slug":"terco-de-imaculado-coracao-de-maria-branco","status":"publish","type":"product","link":"https:\/\/lojafilhosdemaria.com.br\/?product=terco-de-imaculado-coracao-de-maria-branco","title":{"rendered":"Ter\u00e7o de Imaculado Cora\u00e7\u00e3o de Maria Branco"},"content":{"rendered":"<p>Ter\u00e7o de Imaculado Cora\u00e7\u00e3o de Maria Branco<\/p>\n<p><strong>Especifica\u00e7\u00f5es:<\/strong><br \/>\n<strong>Conta:<\/strong>\u00a08mm<br \/>\n<strong>Medalha: <\/strong>1,8cm altura x 1,3cm largura<br \/>\n<strong>Crucifixo:<\/strong> 3,5cm altura x 2,5cm largura<br \/>\n<strong>Comprimento:<\/strong> 36cm<\/p>\n<p>*Medidas aproximadas<\/p>\n","protected":false},"excerpt":{"rendered":"<p>Ter\u00e7o de Imaculado Cora\u00e7\u00e3o de Maria Branco Especifica\u00e7\u00f5es: Conta:\u00a08mm Medalha: 1,8cm altura x 1,3cm largura Crucifixo: 3,5cm altura x 2,5cm<\/p>\n","protected":false},"featured_media":30066,"comment_status":"open","ping_status":"closed","template":"","meta":{"_themeisle_gutenberg_block_has_review":false},"product_brand":[],"product_cat":[74],"product_tag":[167,231,124,232],"class_list":{"0":"post-30065","1":"product","2":"type-product","3":"status-publish","4":"has-post-thumbnail","6":"product_cat-tercos","7":"product_tag-coracao-de-maria","8":"product_tag-imaculado-coracao-de-maria-branco","9":"product_tag-terco","10":"product_tag-terco-imaculado-coracao-de-maria-branco","11":"product_shipping_class-entrega-padrao","13":"first","14":"instock","15":"shipping-taxable","16":"purchasable","17":"product-type-simple"},"_links":{"self":[{"href":"https:\/\/lojafilhosdemaria.com.br\/index.php?rest_route=\/wp\/v2\/product\/30065","targetHints":{"allow":["GET"]}}],"collection":[{"href":"https:\/\/lojafilhosdemaria.com.br\/index.php?rest_route=\/wp\/v2\/product"}],"about":[{"href":"https:\/\/lojafilhosdemaria.com.br\/index.php?rest_route=\/wp\/v2\/types\/product"}],"replies":[{"embeddable":true,"href":"https:\/\/lojafilhosdemaria.com.br\/index.php?rest_route=%2Fwp%2Fv2%2Fcomments&post=30065"}],"version-history":[{"count":1,"href":"https:\/\/lojafilhosdemaria.com.br\/index.php?rest_route=\/wp\/v2\/product\/30065\/revisions"}],"predecessor-version":[{"id":30067,"href":"https:\/\/lojafilhosdemaria.com.br\/index.php?rest_route=\/wp\/v2\/product\/30065\/revisions\/30067"}],"wp:featuredmedia":[{"embeddable":true,"href":"https:\/\/lojafilhosdemaria.com.br\/index.php?rest_route=\/wp\/v2\/media\/30066"}],"wp:attachment":[{"href":"https:\/\/lojafilhosdemaria.com.br\/index.php?rest_route=%2Fwp%2Fv2%2Fmedia&parent=30065"}],"wp:term":[{"taxonomy":"product_brand","embeddable":true,"href":"https:\/\/lojafilhosdemaria.com.br\/index.php?rest_route=%2Fwp%2Fv2%2Fproduct_brand&post=30065"},{"taxonomy":"product_cat","embeddable":true,"href":"https:\/\/lojafilhosdemaria.com.br\/index.php?rest_route=%2Fwp%2Fv2%2Fproduct_cat&post=30065"},{"taxonomy":"product_tag","embeddable":true,"href":"https:\/\/lojafilhosdemaria.com.br\/index.php?rest_route=%2Fwp%2Fv2%2Fproduct_tag&post=30065"}],"curies":[{"name":"wp","href":"https:\/\/api.w.org\/{rel}","templated":true}]}}