{"id":30061,"date":"2025-09-02T17:18:41","date_gmt":"2025-09-02T20:18:41","guid":{"rendered":"https:\/\/lojafilhosdemaria.com.br\/?post_type=product&#038;p=30061"},"modified":"2025-09-02T17:29:31","modified_gmt":"2025-09-02T20:29:31","slug":"terco-de-nossa-senhora-desatadora-de-nos-azul-e-vermelho","status":"publish","type":"product","link":"https:\/\/lojafilhosdemaria.com.br\/?product=terco-de-nossa-senhora-desatadora-de-nos-azul-e-vermelho","title":{"rendered":"Ter\u00e7o de Nossa Senhora Desatadora de N\u00f3s Azul e vermelho"},"content":{"rendered":"<p>Ter\u00e7o de Nossa Senhora Desatadora de N\u00f3s Azul e vermelho<\/p>\n<p><strong>Especifica\u00e7\u00f5es:<\/strong><br \/>\n<strong>Conta:<\/strong>\u00a08mm<br \/>\n<strong>Medalha: <\/strong>2cm altura x 1,2cm largura<br \/>\n<strong>Crucifixo:<\/strong> 3,3cm altura x 1,1cm largura<br \/>\n<strong>Comprimento:<\/strong> 38cm<\/p>\n<p>*Medidas aproximadas<\/p>\n","protected":false},"excerpt":{"rendered":"<p>Ter\u00e7o de Nossa Senhora Desatadora de N\u00f3s Azul e vermelho Especifica\u00e7\u00f5es: Conta:\u00a08mm Medalha: 2cm altura x 1,2cm largura Crucifixo: 3,3cm<\/p>\n","protected":false},"featured_media":30062,"comment_status":"open","ping_status":"closed","template":"","meta":{"_themeisle_gutenberg_block_has_review":false},"product_brand":[],"product_cat":[74],"product_tag":[229,230,129,124],"class_list":{"0":"post-30061","1":"product","2":"type-product","3":"status-publish","4":"has-post-thumbnail","6":"product_cat-tercos","7":"product_tag-azul-e-vermelho","8":"product_tag-desatadora-de-nos","9":"product_tag-nossa-senhora","10":"product_tag-terco","11":"product_shipping_class-entrega-padrao","13":"first","14":"instock","15":"shipping-taxable","16":"purchasable","17":"product-type-simple"},"_links":{"self":[{"href":"https:\/\/lojafilhosdemaria.com.br\/index.php?rest_route=\/wp\/v2\/product\/30061","targetHints":{"allow":["GET"]}}],"collection":[{"href":"https:\/\/lojafilhosdemaria.com.br\/index.php?rest_route=\/wp\/v2\/product"}],"about":[{"href":"https:\/\/lojafilhosdemaria.com.br\/index.php?rest_route=\/wp\/v2\/types\/product"}],"replies":[{"embeddable":true,"href":"https:\/\/lojafilhosdemaria.com.br\/index.php?rest_route=%2Fwp%2Fv2%2Fcomments&post=30061"}],"version-history":[{"count":1,"href":"https:\/\/lojafilhosdemaria.com.br\/index.php?rest_route=\/wp\/v2\/product\/30061\/revisions"}],"predecessor-version":[{"id":30064,"href":"https:\/\/lojafilhosdemaria.com.br\/index.php?rest_route=\/wp\/v2\/product\/30061\/revisions\/30064"}],"wp:featuredmedia":[{"embeddable":true,"href":"https:\/\/lojafilhosdemaria.com.br\/index.php?rest_route=\/wp\/v2\/media\/30062"}],"wp:attachment":[{"href":"https:\/\/lojafilhosdemaria.com.br\/index.php?rest_route=%2Fwp%2Fv2%2Fmedia&parent=30061"}],"wp:term":[{"taxonomy":"product_brand","embeddable":true,"href":"https:\/\/lojafilhosdemaria.com.br\/index.php?rest_route=%2Fwp%2Fv2%2Fproduct_brand&post=30061"},{"taxonomy":"product_cat","embeddable":true,"href":"https:\/\/lojafilhosdemaria.com.br\/index.php?rest_route=%2Fwp%2Fv2%2Fproduct_cat&post=30061"},{"taxonomy":"product_tag","embeddable":true,"href":"https:\/\/lojafilhosdemaria.com.br\/index.php?rest_route=%2Fwp%2Fv2%2Fproduct_tag&post=30061"}],"curies":[{"name":"wp","href":"https:\/\/api.w.org\/{rel}","templated":true}]}}