{"id":30057,"date":"2025-09-02T17:01:01","date_gmt":"2025-09-02T20:01:01","guid":{"rendered":"https:\/\/lojafilhosdemaria.com.br\/?post_type=product&#038;p=30057"},"modified":"2025-09-02T17:16:39","modified_gmt":"2025-09-02T20:16:39","slug":"terco-de-sao-sebastiao-vermelho","status":"publish","type":"product","link":"https:\/\/lojafilhosdemaria.com.br\/?product=terco-de-sao-sebastiao-vermelho","title":{"rendered":"Ter\u00e7o de S\u00e3o Sebasti\u00e3o vermelho"},"content":{"rendered":"<p>Ter\u00e7o de S\u00e3o Sebasti\u00e3o vermelho<\/p>\n<p><strong>Especifica\u00e7\u00f5es:<\/strong><br \/>\n<strong>Conta:<\/strong>\u00a08mm<br \/>\n<strong>Medalha: <\/strong>2cm altura x 1,5cm largura<br \/>\n<strong>Crucifixo:<\/strong> 3,5cm altura x 2cm largura<br \/>\n<strong>Comprimento:<\/strong> 39cm<\/p>\n<p>*Medidas aproximadas<\/p>\n","protected":false},"excerpt":{"rendered":"<p>Ter\u00e7o de S\u00e3o Sebasti\u00e3o vermelho Especifica\u00e7\u00f5es: Conta:\u00a08mm Medalha: 2cm altura x 1,5cm largura Crucifixo: 3,5cm altura x 2cm largura Comprimento:<\/p>\n","protected":false},"featured_media":30058,"comment_status":"open","ping_status":"closed","template":"","meta":{"_themeisle_gutenberg_block_has_review":false},"product_brand":[],"product_cat":[74],"product_tag":[227,124,226,228],"class_list":{"0":"post-30057","1":"product","2":"type-product","3":"status-publish","4":"has-post-thumbnail","6":"product_cat-tercos","7":"product_tag-sao-sebastiao-vermelho","8":"product_tag-terco","9":"product_tag-terco-de-sao-sebastiao-vermelho","10":"product_tag-vermelho","11":"product_shipping_class-entrega-padrao","13":"first","14":"instock","15":"shipping-taxable","16":"purchasable","17":"product-type-simple"},"_links":{"self":[{"href":"https:\/\/lojafilhosdemaria.com.br\/index.php?rest_route=\/wp\/v2\/product\/30057","targetHints":{"allow":["GET"]}}],"collection":[{"href":"https:\/\/lojafilhosdemaria.com.br\/index.php?rest_route=\/wp\/v2\/product"}],"about":[{"href":"https:\/\/lojafilhosdemaria.com.br\/index.php?rest_route=\/wp\/v2\/types\/product"}],"replies":[{"embeddable":true,"href":"https:\/\/lojafilhosdemaria.com.br\/index.php?rest_route=%2Fwp%2Fv2%2Fcomments&post=30057"}],"version-history":[{"count":2,"href":"https:\/\/lojafilhosdemaria.com.br\/index.php?rest_route=\/wp\/v2\/product\/30057\/revisions"}],"predecessor-version":[{"id":30060,"href":"https:\/\/lojafilhosdemaria.com.br\/index.php?rest_route=\/wp\/v2\/product\/30057\/revisions\/30060"}],"wp:featuredmedia":[{"embeddable":true,"href":"https:\/\/lojafilhosdemaria.com.br\/index.php?rest_route=\/wp\/v2\/media\/30058"}],"wp:attachment":[{"href":"https:\/\/lojafilhosdemaria.com.br\/index.php?rest_route=%2Fwp%2Fv2%2Fmedia&parent=30057"}],"wp:term":[{"taxonomy":"product_brand","embeddable":true,"href":"https:\/\/lojafilhosdemaria.com.br\/index.php?rest_route=%2Fwp%2Fv2%2Fproduct_brand&post=30057"},{"taxonomy":"product_cat","embeddable":true,"href":"https:\/\/lojafilhosdemaria.com.br\/index.php?rest_route=%2Fwp%2Fv2%2Fproduct_cat&post=30057"},{"taxonomy":"product_tag","embeddable":true,"href":"https:\/\/lojafilhosdemaria.com.br\/index.php?rest_route=%2Fwp%2Fv2%2Fproduct_tag&post=30057"}],"curies":[{"name":"wp","href":"https:\/\/api.w.org\/{rel}","templated":true}]}}