{"id":30051,"date":"2025-09-02T16:40:09","date_gmt":"2025-09-02T19:40:09","guid":{"rendered":"https:\/\/lojafilhosdemaria.com.br\/?post_type=product&#038;p=30051"},"modified":"2025-09-02T16:49:27","modified_gmt":"2025-09-02T19:49:27","slug":"terco-do-divino-espirito-santo-branco-e-vermelho","status":"publish","type":"product","link":"https:\/\/lojafilhosdemaria.com.br\/?product=terco-do-divino-espirito-santo-branco-e-vermelho","title":{"rendered":"Ter\u00e7o do Divino Espirito Santo Branco e Vermelho"},"content":{"rendered":"<p>Ter\u00e7o do Divino Espirito Santo Branco e Vermelho<\/p>\n<p><strong>Especifica\u00e7\u00f5es:<\/strong><br \/>\n<strong>Conta:<\/strong>\u00a08mm<br \/>\n<strong>Medalha:<\/strong> 2,4cm altura x 1,7cm largura<br \/>\n<strong>Crucifixo:<\/strong> 4cm altura x 2,3cm largura<br \/>\n<strong>Comprimento:<\/strong> 36cm<\/p>\n<p>*Medidas aproximadas<\/p>\n","protected":false},"excerpt":{"rendered":"<p>Ter\u00e7o do Divino Espirito Santo Branco e Vermelho Especifica\u00e7\u00f5es: Conta:\u00a08mm Medalha: 2,4cm altura x 1,7cm largura Crucifixo: 4cm altura x<\/p>\n","protected":false},"featured_media":30052,"comment_status":"open","ping_status":"closed","template":"","meta":{"_themeisle_gutenberg_block_has_review":false},"product_brand":[],"product_cat":[74],"product_tag":[222,124,221,220],"class_list":{"0":"post-30051","1":"product","2":"type-product","3":"status-publish","4":"has-post-thumbnail","6":"product_cat-tercos","7":"product_tag-branco-e-vermelho","8":"product_tag-terco","9":"product_tag-terco-do-divino-espirito","10":"product_tag-terco-do-divino-espirito-santo-branco-e-vermelho","11":"product_shipping_class-entrega-padrao","13":"first","14":"instock","15":"shipping-taxable","16":"purchasable","17":"product-type-simple"},"_links":{"self":[{"href":"https:\/\/lojafilhosdemaria.com.br\/index.php?rest_route=\/wp\/v2\/product\/30051","targetHints":{"allow":["GET"]}}],"collection":[{"href":"https:\/\/lojafilhosdemaria.com.br\/index.php?rest_route=\/wp\/v2\/product"}],"about":[{"href":"https:\/\/lojafilhosdemaria.com.br\/index.php?rest_route=\/wp\/v2\/types\/product"}],"replies":[{"embeddable":true,"href":"https:\/\/lojafilhosdemaria.com.br\/index.php?rest_route=%2Fwp%2Fv2%2Fcomments&post=30051"}],"version-history":[{"count":1,"href":"https:\/\/lojafilhosdemaria.com.br\/index.php?rest_route=\/wp\/v2\/product\/30051\/revisions"}],"predecessor-version":[{"id":30053,"href":"https:\/\/lojafilhosdemaria.com.br\/index.php?rest_route=\/wp\/v2\/product\/30051\/revisions\/30053"}],"wp:featuredmedia":[{"embeddable":true,"href":"https:\/\/lojafilhosdemaria.com.br\/index.php?rest_route=\/wp\/v2\/media\/30052"}],"wp:attachment":[{"href":"https:\/\/lojafilhosdemaria.com.br\/index.php?rest_route=%2Fwp%2Fv2%2Fmedia&parent=30051"}],"wp:term":[{"taxonomy":"product_brand","embeddable":true,"href":"https:\/\/lojafilhosdemaria.com.br\/index.php?rest_route=%2Fwp%2Fv2%2Fproduct_brand&post=30051"},{"taxonomy":"product_cat","embeddable":true,"href":"https:\/\/lojafilhosdemaria.com.br\/index.php?rest_route=%2Fwp%2Fv2%2Fproduct_cat&post=30051"},{"taxonomy":"product_tag","embeddable":true,"href":"https:\/\/lojafilhosdemaria.com.br\/index.php?rest_route=%2Fwp%2Fv2%2Fproduct_tag&post=30051"}],"curies":[{"name":"wp","href":"https:\/\/api.w.org\/{rel}","templated":true}]}}