{"id":30047,"date":"2025-09-02T16:20:34","date_gmt":"2025-09-02T19:20:34","guid":{"rendered":"https:\/\/lojafilhosdemaria.com.br\/?post_type=product&#038;p=30047"},"modified":"2025-09-02T16:32:22","modified_gmt":"2025-09-02T19:32:22","slug":"terco-de-santa-terezinha-amarelo","status":"publish","type":"product","link":"https:\/\/lojafilhosdemaria.com.br\/?product=terco-de-santa-terezinha-amarelo","title":{"rendered":"Ter\u00e7o de Santa Terezinha Amarelo"},"content":{"rendered":"<p>Ter\u00e7o de Santa Terezinha Amarelo<\/p>\n<p><strong>Especifica\u00e7\u00f5es:<\/strong><br \/>\n<strong>Conta:<\/strong>\u00a08mm<br \/>\n<strong>Medalha:<\/strong> 1,8cm altura x 1,7cm largura<br \/>\n<strong>Crucifixo:<\/strong> 4cm altura x 2,5cm largura<br \/>\n<strong>Comprimento:<\/strong> 36cm<\/p>\n<p>*Medidas aproximadas<\/p>\n","protected":false},"excerpt":{"rendered":"<p>Ter\u00e7o de Santa Terezinha Amarelo Especifica\u00e7\u00f5es: Conta:\u00a08mm Medalha: 1,8cm altura x 1,7cm largura Crucifixo: 4cm altura x 2,5cm largura Comprimento:<\/p>\n","protected":false},"featured_media":30048,"comment_status":"open","ping_status":"closed","template":"","meta":{"_themeisle_gutenberg_block_has_review":false},"product_brand":[],"product_cat":[74],"product_tag":[217,203,124,219,218],"class_list":{"0":"post-30047","1":"product","2":"type-product","3":"status-publish","4":"has-post-thumbnail","6":"product_cat-tercos","7":"product_tag-amarelo","8":"product_tag-santa-terezinha","9":"product_tag-terco","10":"product_tag-terco-de-santa-terezinha","11":"product_tag-terco-santa-terezinha","12":"product_shipping_class-entrega-padrao","14":"first","15":"instock","16":"shipping-taxable","17":"purchasable","18":"product-type-simple"},"_links":{"self":[{"href":"https:\/\/lojafilhosdemaria.com.br\/index.php?rest_route=\/wp\/v2\/product\/30047","targetHints":{"allow":["GET"]}}],"collection":[{"href":"https:\/\/lojafilhosdemaria.com.br\/index.php?rest_route=\/wp\/v2\/product"}],"about":[{"href":"https:\/\/lojafilhosdemaria.com.br\/index.php?rest_route=\/wp\/v2\/types\/product"}],"replies":[{"embeddable":true,"href":"https:\/\/lojafilhosdemaria.com.br\/index.php?rest_route=%2Fwp%2Fv2%2Fcomments&post=30047"}],"version-history":[{"count":2,"href":"https:\/\/lojafilhosdemaria.com.br\/index.php?rest_route=\/wp\/v2\/product\/30047\/revisions"}],"predecessor-version":[{"id":30050,"href":"https:\/\/lojafilhosdemaria.com.br\/index.php?rest_route=\/wp\/v2\/product\/30047\/revisions\/30050"}],"wp:featuredmedia":[{"embeddable":true,"href":"https:\/\/lojafilhosdemaria.com.br\/index.php?rest_route=\/wp\/v2\/media\/30048"}],"wp:attachment":[{"href":"https:\/\/lojafilhosdemaria.com.br\/index.php?rest_route=%2Fwp%2Fv2%2Fmedia&parent=30047"}],"wp:term":[{"taxonomy":"product_brand","embeddable":true,"href":"https:\/\/lojafilhosdemaria.com.br\/index.php?rest_route=%2Fwp%2Fv2%2Fproduct_brand&post=30047"},{"taxonomy":"product_cat","embeddable":true,"href":"https:\/\/lojafilhosdemaria.com.br\/index.php?rest_route=%2Fwp%2Fv2%2Fproduct_cat&post=30047"},{"taxonomy":"product_tag","embeddable":true,"href":"https:\/\/lojafilhosdemaria.com.br\/index.php?rest_route=%2Fwp%2Fv2%2Fproduct_tag&post=30047"}],"curies":[{"name":"wp","href":"https:\/\/api.w.org\/{rel}","templated":true}]}}