{"id":30043,"date":"2025-09-02T15:48:55","date_gmt":"2025-09-02T18:48:55","guid":{"rendered":"https:\/\/lojafilhosdemaria.com.br\/?post_type=product&#038;p=30043"},"modified":"2025-09-02T16:18:44","modified_gmt":"2025-09-02T19:18:44","slug":"terco-de-nossa-senhora-das-gracas-azul-claro","status":"publish","type":"product","link":"https:\/\/lojafilhosdemaria.com.br\/?product=terco-de-nossa-senhora-das-gracas-azul-claro","title":{"rendered":"Ter\u00e7o de Nossa Senhora das Gra\u00e7as Azul Claro"},"content":{"rendered":"<p>Ter\u00e7o de Nossa Senhora das Gra\u00e7as Azul Claro<\/p>\n<p><strong>Especifica\u00e7\u00f5es:<\/strong><br \/>\n<strong>Conta:<\/strong>\u00a08mm<br \/>\n<strong>Medalha:<\/strong> 1,5cm altura x 1,3cm largura<br \/>\n<strong>Crucifixo:<\/strong> 3,7cm altura x 2cm largura<br \/>\n<strong>Comprimento:<\/strong> 36cm<\/p>\n<p>*Medidas aproximadas<\/p>\n","protected":false},"excerpt":{"rendered":"<p>Ter\u00e7o de Nossa Senhora das Gra\u00e7as Azul Claro Especifica\u00e7\u00f5es: Conta:\u00a08mm Medalha: 1,5cm altura x 1,3cm largura Crucifixo: 3,7cm altura x<\/p>\n","protected":false},"featured_media":30044,"comment_status":"open","ping_status":"closed","template":"","meta":{"_themeisle_gutenberg_block_has_review":false},"product_brand":[],"product_cat":[74],"product_tag":[214,216,163,129,124,215],"class_list":{"0":"post-30043","1":"product","2":"type-product","3":"status-publish","4":"has-post-thumbnail","6":"product_cat-tercos","7":"product_tag-azul-claro","8":"product_tag-das-gracas","9":"product_tag-gracas","10":"product_tag-nossa-senhora","11":"product_tag-terco","12":"product_tag-terco-de-nossa-senhora","13":"product_shipping_class-entrega-padrao","15":"first","16":"instock","17":"shipping-taxable","18":"purchasable","19":"product-type-simple"},"_links":{"self":[{"href":"https:\/\/lojafilhosdemaria.com.br\/index.php?rest_route=\/wp\/v2\/product\/30043","targetHints":{"allow":["GET"]}}],"collection":[{"href":"https:\/\/lojafilhosdemaria.com.br\/index.php?rest_route=\/wp\/v2\/product"}],"about":[{"href":"https:\/\/lojafilhosdemaria.com.br\/index.php?rest_route=\/wp\/v2\/types\/product"}],"replies":[{"embeddable":true,"href":"https:\/\/lojafilhosdemaria.com.br\/index.php?rest_route=%2Fwp%2Fv2%2Fcomments&post=30043"}],"version-history":[{"count":1,"href":"https:\/\/lojafilhosdemaria.com.br\/index.php?rest_route=\/wp\/v2\/product\/30043\/revisions"}],"predecessor-version":[{"id":30046,"href":"https:\/\/lojafilhosdemaria.com.br\/index.php?rest_route=\/wp\/v2\/product\/30043\/revisions\/30046"}],"wp:featuredmedia":[{"embeddable":true,"href":"https:\/\/lojafilhosdemaria.com.br\/index.php?rest_route=\/wp\/v2\/media\/30044"}],"wp:attachment":[{"href":"https:\/\/lojafilhosdemaria.com.br\/index.php?rest_route=%2Fwp%2Fv2%2Fmedia&parent=30043"}],"wp:term":[{"taxonomy":"product_brand","embeddable":true,"href":"https:\/\/lojafilhosdemaria.com.br\/index.php?rest_route=%2Fwp%2Fv2%2Fproduct_brand&post=30043"},{"taxonomy":"product_cat","embeddable":true,"href":"https:\/\/lojafilhosdemaria.com.br\/index.php?rest_route=%2Fwp%2Fv2%2Fproduct_cat&post=30043"},{"taxonomy":"product_tag","embeddable":true,"href":"https:\/\/lojafilhosdemaria.com.br\/index.php?rest_route=%2Fwp%2Fv2%2Fproduct_tag&post=30043"}],"curies":[{"name":"wp","href":"https:\/\/api.w.org\/{rel}","templated":true}]}}