{"id":30034,"date":"2025-09-02T14:38:22","date_gmt":"2025-09-02T17:38:22","guid":{"rendered":"https:\/\/lojafilhosdemaria.com.br\/?post_type=product&#038;p=30034"},"modified":"2025-09-02T15:22:55","modified_gmt":"2025-09-02T18:22:55","slug":"terco-de-nossa-senhora-das-dores-lilas-copia","status":"publish","type":"product","link":"https:\/\/lojafilhosdemaria.com.br\/?product=terco-de-nossa-senhora-das-dores-lilas-copia","title":{"rendered":"Ter\u00e7o de Jesus Misericordioso Vermelho e Branco"},"content":{"rendered":"<p>Ter\u00e7o de Jesus Misericordioso Vermelho e Branco<\/p>\n<p><strong>Especifica\u00e7\u00f5es:<\/strong><br \/>\n<strong>Conta:<\/strong>\u00a08mm<br \/>\n<strong>Medalha:<\/strong> 1,7cm altura x 1,4cm largura<br \/>\n<strong>Crucifixo:<\/strong> 3,7cm altura x 2cm largura<br \/>\n<strong>Comprimento:<\/strong> 37cm<\/p>\n<p>*Medidas aproximadas<\/p>\n","protected":false},"excerpt":{"rendered":"<p>Ter\u00e7o de Jesus Misericordioso Vermelho e Branco Especifica\u00e7\u00f5es: Conta:\u00a08mm Medalha: 1,7cm altura x 1,4cm largura Crucifixo: 3,7cm altura x 2cm<\/p>\n","protected":false},"featured_media":30038,"comment_status":"open","ping_status":"closed","template":"","meta":{"_themeisle_gutenberg_block_has_review":false},"product_brand":[],"product_cat":[74],"product_tag":[116,124,210,211],"class_list":{"0":"post-30034","1":"product","2":"type-product","3":"status-publish","4":"has-post-thumbnail","6":"product_cat-tercos","7":"product_tag-jesus-misericordioso","8":"product_tag-terco","9":"product_tag-terco-jesus-misericordioso","10":"product_tag-vermelho-e-branco","11":"product_shipping_class-entrega-padrao","13":"first","14":"instock","15":"shipping-taxable","16":"purchasable","17":"product-type-simple"},"_links":{"self":[{"href":"https:\/\/lojafilhosdemaria.com.br\/index.php?rest_route=\/wp\/v2\/product\/30034","targetHints":{"allow":["GET"]}}],"collection":[{"href":"https:\/\/lojafilhosdemaria.com.br\/index.php?rest_route=\/wp\/v2\/product"}],"about":[{"href":"https:\/\/lojafilhosdemaria.com.br\/index.php?rest_route=\/wp\/v2\/types\/product"}],"replies":[{"embeddable":true,"href":"https:\/\/lojafilhosdemaria.com.br\/index.php?rest_route=%2Fwp%2Fv2%2Fcomments&post=30034"}],"version-history":[{"count":4,"href":"https:\/\/lojafilhosdemaria.com.br\/index.php?rest_route=\/wp\/v2\/product\/30034\/revisions"}],"predecessor-version":[{"id":30039,"href":"https:\/\/lojafilhosdemaria.com.br\/index.php?rest_route=\/wp\/v2\/product\/30034\/revisions\/30039"}],"wp:featuredmedia":[{"embeddable":true,"href":"https:\/\/lojafilhosdemaria.com.br\/index.php?rest_route=\/wp\/v2\/media\/30038"}],"wp:attachment":[{"href":"https:\/\/lojafilhosdemaria.com.br\/index.php?rest_route=%2Fwp%2Fv2%2Fmedia&parent=30034"}],"wp:term":[{"taxonomy":"product_brand","embeddable":true,"href":"https:\/\/lojafilhosdemaria.com.br\/index.php?rest_route=%2Fwp%2Fv2%2Fproduct_brand&post=30034"},{"taxonomy":"product_cat","embeddable":true,"href":"https:\/\/lojafilhosdemaria.com.br\/index.php?rest_route=%2Fwp%2Fv2%2Fproduct_cat&post=30034"},{"taxonomy":"product_tag","embeddable":true,"href":"https:\/\/lojafilhosdemaria.com.br\/index.php?rest_route=%2Fwp%2Fv2%2Fproduct_tag&post=30034"}],"curies":[{"name":"wp","href":"https:\/\/api.w.org\/{rel}","templated":true}]}}