{"id":29913,"date":"2025-08-29T11:15:55","date_gmt":"2025-08-29T14:15:55","guid":{"rendered":"https:\/\/lojafilhosdemaria.com.br\/?post_type=product&#038;p=29913"},"modified":"2025-08-29T11:26:33","modified_gmt":"2025-08-29T14:26:33","slug":"imagem-de-sao-padre-pio-em-gesso-de-30cm","status":"publish","type":"product","link":"https:\/\/lojafilhosdemaria.com.br\/?product=imagem-de-sao-padre-pio-em-gesso-de-30cm","title":{"rendered":"Imagem de S\u00e3o Padre Pio em Gesso de 30cm"},"content":{"rendered":"<p>Imagem de S\u00e3o Francisco em Gesso de 30cm<\/p>\n<p><strong>Especifica\u00e7\u00f5es<\/strong><b><br \/>\n<strong>Altura:<\/strong><\/b> 27cm<br \/>\n<strong>Largura base: <\/strong>7cm<\/p>\n<p>*Medidas aproximadas<\/p>\n","protected":false},"excerpt":{"rendered":"<p>Imagem de S\u00e3o Francisco em Gesso de 30cm Especifica\u00e7\u00f5es Altura: 27cm Largura base: 7cm *Medidas aproximadas<\/p>\n","protected":false},"featured_media":29917,"comment_status":"open","ping_status":"closed","template":"","meta":{"_themeisle_gutenberg_block_has_review":false},"product_brand":[],"product_cat":[77,75,37],"product_tag":[169,170,87,178,106,107],"class_list":{"0":"post-29913","1":"product","2":"type-product","3":"status-publish","4":"has-post-thumbnail","6":"product_cat-30-cm","7":"product_cat-gesso","8":"product_cat-imagens","9":"product_tag-169","10":"product_tag-30cm","11":"product_tag-gesso","12":"product_tag-imagem-de-sao-padre-pio","13":"product_tag-padre-pio","14":"product_tag-sao-padre-pio","15":"product_shipping_class-entrega-padrao","17":"first","18":"instock","19":"shipping-taxable","20":"purchasable","21":"product-type-simple"},"_links":{"self":[{"href":"https:\/\/lojafilhosdemaria.com.br\/index.php?rest_route=\/wp\/v2\/product\/29913","targetHints":{"allow":["GET"]}}],"collection":[{"href":"https:\/\/lojafilhosdemaria.com.br\/index.php?rest_route=\/wp\/v2\/product"}],"about":[{"href":"https:\/\/lojafilhosdemaria.com.br\/index.php?rest_route=\/wp\/v2\/types\/product"}],"replies":[{"embeddable":true,"href":"https:\/\/lojafilhosdemaria.com.br\/index.php?rest_route=%2Fwp%2Fv2%2Fcomments&post=29913"}],"version-history":[{"count":1,"href":"https:\/\/lojafilhosdemaria.com.br\/index.php?rest_route=\/wp\/v2\/product\/29913\/revisions"}],"predecessor-version":[{"id":29918,"href":"https:\/\/lojafilhosdemaria.com.br\/index.php?rest_route=\/wp\/v2\/product\/29913\/revisions\/29918"}],"wp:featuredmedia":[{"embeddable":true,"href":"https:\/\/lojafilhosdemaria.com.br\/index.php?rest_route=\/wp\/v2\/media\/29917"}],"wp:attachment":[{"href":"https:\/\/lojafilhosdemaria.com.br\/index.php?rest_route=%2Fwp%2Fv2%2Fmedia&parent=29913"}],"wp:term":[{"taxonomy":"product_brand","embeddable":true,"href":"https:\/\/lojafilhosdemaria.com.br\/index.php?rest_route=%2Fwp%2Fv2%2Fproduct_brand&post=29913"},{"taxonomy":"product_cat","embeddable":true,"href":"https:\/\/lojafilhosdemaria.com.br\/index.php?rest_route=%2Fwp%2Fv2%2Fproduct_cat&post=29913"},{"taxonomy":"product_tag","embeddable":true,"href":"https:\/\/lojafilhosdemaria.com.br\/index.php?rest_route=%2Fwp%2Fv2%2Fproduct_tag&post=29913"}],"curies":[{"name":"wp","href":"https:\/\/api.w.org\/{rel}","templated":true}]}}