{"id":29901,"date":"2025-08-29T10:48:28","date_gmt":"2025-08-29T13:48:28","guid":{"rendered":"https:\/\/lojafilhosdemaria.com.br\/?post_type=product&#038;p=29901"},"modified":"2025-08-29T11:00:34","modified_gmt":"2025-08-29T14:00:34","slug":"imagem-de-sao-miguel-arcanjo-em-gesso-de-30cm","status":"publish","type":"product","link":"https:\/\/lojafilhosdemaria.com.br\/?product=imagem-de-sao-miguel-arcanjo-em-gesso-de-30cm","title":{"rendered":"Imagem de S\u00e3o Miguel Arcanjo em Gesso de 30cm"},"content":{"rendered":"<p>Imagem de S\u00e3o Miguel Arcanjo em Gesso de 30cm<\/p>\n<p><strong>Especifica\u00e7\u00f5es<\/strong><b><br \/>\n<strong>Altura:<\/strong><\/b> 31cm<br \/>\n<strong>Largura base: <\/strong>10cm<\/p>\n<p>*Medidas aproximadas<\/p>\n","protected":false},"excerpt":{"rendered":"<p>Imagem de S\u00e3o Miguel Arcanjo em Gesso de 30cm Especifica\u00e7\u00f5es Altura: 31cm Largura base: 10cm *Medidas aproximadas<\/p>\n","protected":false},"featured_media":29905,"comment_status":"open","ping_status":"closed","template":"","meta":{"_themeisle_gutenberg_block_has_review":false},"product_brand":[],"product_cat":[77,75,37],"product_tag":[169,170,87,176,175,174],"class_list":{"0":"post-29901","1":"product","2":"type-product","3":"status-publish","4":"has-post-thumbnail","6":"product_cat-30-cm","7":"product_cat-gesso","8":"product_cat-imagens","9":"product_tag-169","10":"product_tag-30cm","11":"product_tag-gesso","12":"product_tag-imagem-sao-miguel-arcanjo","13":"product_tag-miguel-arcanjo","14":"product_tag-sao-miguel-arcanjo","15":"product_shipping_class-entrega-padrao","17":"first","18":"instock","19":"shipping-taxable","20":"purchasable","21":"product-type-simple"},"_links":{"self":[{"href":"https:\/\/lojafilhosdemaria.com.br\/index.php?rest_route=\/wp\/v2\/product\/29901","targetHints":{"allow":["GET"]}}],"collection":[{"href":"https:\/\/lojafilhosdemaria.com.br\/index.php?rest_route=\/wp\/v2\/product"}],"about":[{"href":"https:\/\/lojafilhosdemaria.com.br\/index.php?rest_route=\/wp\/v2\/types\/product"}],"replies":[{"embeddable":true,"href":"https:\/\/lojafilhosdemaria.com.br\/index.php?rest_route=%2Fwp%2Fv2%2Fcomments&post=29901"}],"version-history":[{"count":1,"href":"https:\/\/lojafilhosdemaria.com.br\/index.php?rest_route=\/wp\/v2\/product\/29901\/revisions"}],"predecessor-version":[{"id":29906,"href":"https:\/\/lojafilhosdemaria.com.br\/index.php?rest_route=\/wp\/v2\/product\/29901\/revisions\/29906"}],"wp:featuredmedia":[{"embeddable":true,"href":"https:\/\/lojafilhosdemaria.com.br\/index.php?rest_route=\/wp\/v2\/media\/29905"}],"wp:attachment":[{"href":"https:\/\/lojafilhosdemaria.com.br\/index.php?rest_route=%2Fwp%2Fv2%2Fmedia&parent=29901"}],"wp:term":[{"taxonomy":"product_brand","embeddable":true,"href":"https:\/\/lojafilhosdemaria.com.br\/index.php?rest_route=%2Fwp%2Fv2%2Fproduct_brand&post=29901"},{"taxonomy":"product_cat","embeddable":true,"href":"https:\/\/lojafilhosdemaria.com.br\/index.php?rest_route=%2Fwp%2Fv2%2Fproduct_cat&post=29901"},{"taxonomy":"product_tag","embeddable":true,"href":"https:\/\/lojafilhosdemaria.com.br\/index.php?rest_route=%2Fwp%2Fv2%2Fproduct_tag&post=29901"}],"curies":[{"name":"wp","href":"https:\/\/api.w.org\/{rel}","templated":true}]}}