{"id":29798,"date":"2025-08-27T15:15:58","date_gmt":"2025-08-27T18:15:58","guid":{"rendered":"https:\/\/lojafilhosdemaria.com.br\/?post_type=product&#038;p=29798"},"modified":"2025-08-27T17:07:26","modified_gmt":"2025-08-27T20:07:26","slug":"imagem-de-nossa-senhora-rosa-mistica-em-gesso-de-20cm","status":"publish","type":"product","link":"https:\/\/lojafilhosdemaria.com.br\/?product=imagem-de-nossa-senhora-rosa-mistica-em-gesso-de-20cm","title":{"rendered":"Imagem de Nossa Senhora Rosa M\u00edstica em Gesso de 20cm"},"content":{"rendered":"<p>Imagem de Nossa Senhora Rosa M\u00edstica em Gesso de 20cm<\/p>\n<p><strong>Especifica\u00e7\u00f5es<\/strong><b><br \/>\n<strong>Altura:<\/strong><\/b> 23cm<br \/>\n<strong>Largura base: <\/strong>9cm<\/p>\n<p>*Medidas aproximadas<\/p>\n","protected":false},"excerpt":{"rendered":"<p>Imagem de Nossa Senhora Rosa M\u00edstica em Gesso de 20cm Especifica\u00e7\u00f5es Altura: 23cm Largura base: 9cm *Medidas aproximadas<\/p>\n","protected":false},"featured_media":29802,"comment_status":"open","ping_status":"closed","template":"","meta":{"_themeisle_gutenberg_block_has_review":false},"product_brand":[],"product_cat":[76,75,37],"product_tag":[92,88,87,83,129,158,159],"class_list":{"0":"post-29798","1":"product","2":"type-product","3":"status-publish","4":"has-post-thumbnail","6":"product_cat-20-cm","7":"product_cat-gesso","8":"product_cat-imagens","9":"product_tag-92","10":"product_tag-20cm","11":"product_tag-gesso","12":"product_tag-imagem","13":"product_tag-nossa-senhora","14":"product_tag-nossa-senhora-rosa-mistica","15":"product_tag-rosa-mistica","16":"product_shipping_class-entrega-padrao","18":"first","19":"instock","20":"shipping-taxable","21":"purchasable","22":"product-type-simple"},"_links":{"self":[{"href":"https:\/\/lojafilhosdemaria.com.br\/index.php?rest_route=\/wp\/v2\/product\/29798","targetHints":{"allow":["GET"]}}],"collection":[{"href":"https:\/\/lojafilhosdemaria.com.br\/index.php?rest_route=\/wp\/v2\/product"}],"about":[{"href":"https:\/\/lojafilhosdemaria.com.br\/index.php?rest_route=\/wp\/v2\/types\/product"}],"replies":[{"embeddable":true,"href":"https:\/\/lojafilhosdemaria.com.br\/index.php?rest_route=%2Fwp%2Fv2%2Fcomments&post=29798"}],"version-history":[{"count":1,"href":"https:\/\/lojafilhosdemaria.com.br\/index.php?rest_route=\/wp\/v2\/product\/29798\/revisions"}],"predecessor-version":[{"id":29803,"href":"https:\/\/lojafilhosdemaria.com.br\/index.php?rest_route=\/wp\/v2\/product\/29798\/revisions\/29803"}],"wp:featuredmedia":[{"embeddable":true,"href":"https:\/\/lojafilhosdemaria.com.br\/index.php?rest_route=\/wp\/v2\/media\/29802"}],"wp:attachment":[{"href":"https:\/\/lojafilhosdemaria.com.br\/index.php?rest_route=%2Fwp%2Fv2%2Fmedia&parent=29798"}],"wp:term":[{"taxonomy":"product_brand","embeddable":true,"href":"https:\/\/lojafilhosdemaria.com.br\/index.php?rest_route=%2Fwp%2Fv2%2Fproduct_brand&post=29798"},{"taxonomy":"product_cat","embeddable":true,"href":"https:\/\/lojafilhosdemaria.com.br\/index.php?rest_route=%2Fwp%2Fv2%2Fproduct_cat&post=29798"},{"taxonomy":"product_tag","embeddable":true,"href":"https:\/\/lojafilhosdemaria.com.br\/index.php?rest_route=%2Fwp%2Fv2%2Fproduct_tag&post=29798"}],"curies":[{"name":"wp","href":"https:\/\/api.w.org\/{rel}","templated":true}]}}