{"id":29748,"date":"2025-08-27T11:28:59","date_gmt":"2025-08-27T14:28:59","guid":{"rendered":"https:\/\/lojafilhosdemaria.com.br\/?post_type=product&#038;p=29748"},"modified":"2025-08-27T11:46:20","modified_gmt":"2025-08-27T14:46:20","slug":"imagem-de-sao-cosme-damiao-em-gesso-de-20cm","status":"publish","type":"product","link":"https:\/\/lojafilhosdemaria.com.br\/?product=imagem-de-sao-cosme-damiao-em-gesso-de-20cm","title":{"rendered":"Imagem de S\u00e3o Cosme Dami\u00e3o em Gesso de 20cm"},"content":{"rendered":"<p>Imagem de S\u00e3o Cosme Dami\u00e3o em Gesso de 20cm<\/p>\n<p><strong>Especifica\u00e7\u00f5es<\/strong><b><br \/>\n<strong>Altura:<\/strong><\/b> 20cm<br \/>\n<strong>Largura base: <\/strong>9,5cm<\/p>\n<p>*Medidas aproximadas<\/p>\n","protected":false},"excerpt":{"rendered":"<p>Imagem de S\u00e3o Cosme Dami\u00e3o em Gesso de 20cm Especifica\u00e7\u00f5es Altura: 20cm Largura base: 9,5cm *Medidas aproximadas<\/p>\n","protected":false},"featured_media":0,"comment_status":"open","ping_status":"closed","template":"","meta":{"_themeisle_gutenberg_block_has_review":false},"product_brand":[],"product_cat":[76,75,37],"product_tag":[92,88,146,87,83,93,145],"class_list":{"0":"post-29748","1":"product","2":"type-product","3":"status-publish","5":"product_cat-20-cm","6":"product_cat-gesso","7":"product_cat-imagens","8":"product_tag-92","9":"product_tag-20cm","10":"product_tag-cosme-damiao","11":"product_tag-gesso","12":"product_tag-imagem","13":"product_tag-sao","14":"product_tag-sao-cosme-damiao","15":"product_shipping_class-entrega-padrao","17":"first","18":"instock","19":"shipping-taxable","20":"purchasable","21":"product-type-simple"},"_links":{"self":[{"href":"https:\/\/lojafilhosdemaria.com.br\/index.php?rest_route=\/wp\/v2\/product\/29748","targetHints":{"allow":["GET"]}}],"collection":[{"href":"https:\/\/lojafilhosdemaria.com.br\/index.php?rest_route=\/wp\/v2\/product"}],"about":[{"href":"https:\/\/lojafilhosdemaria.com.br\/index.php?rest_route=\/wp\/v2\/types\/product"}],"replies":[{"embeddable":true,"href":"https:\/\/lojafilhosdemaria.com.br\/index.php?rest_route=%2Fwp%2Fv2%2Fcomments&post=29748"}],"version-history":[{"count":1,"href":"https:\/\/lojafilhosdemaria.com.br\/index.php?rest_route=\/wp\/v2\/product\/29748\/revisions"}],"predecessor-version":[{"id":29749,"href":"https:\/\/lojafilhosdemaria.com.br\/index.php?rest_route=\/wp\/v2\/product\/29748\/revisions\/29749"}],"wp:attachment":[{"href":"https:\/\/lojafilhosdemaria.com.br\/index.php?rest_route=%2Fwp%2Fv2%2Fmedia&parent=29748"}],"wp:term":[{"taxonomy":"product_brand","embeddable":true,"href":"https:\/\/lojafilhosdemaria.com.br\/index.php?rest_route=%2Fwp%2Fv2%2Fproduct_brand&post=29748"},{"taxonomy":"product_cat","embeddable":true,"href":"https:\/\/lojafilhosdemaria.com.br\/index.php?rest_route=%2Fwp%2Fv2%2Fproduct_cat&post=29748"},{"taxonomy":"product_tag","embeddable":true,"href":"https:\/\/lojafilhosdemaria.com.br\/index.php?rest_route=%2Fwp%2Fv2%2Fproduct_tag&post=29748"}],"curies":[{"name":"wp","href":"https:\/\/api.w.org\/{rel}","templated":true}]}}