{"id":29615,"date":"2025-08-25T18:48:01","date_gmt":"2025-08-25T21:48:01","guid":{"rendered":"https:\/\/lojafilhosdemaria.com.br\/?post_type=product&#038;p=29615"},"modified":"2025-09-02T14:41:11","modified_gmt":"2025-09-02T17:41:11","slug":"terco-de-nossa-senhora-das-dores-lilas","status":"publish","type":"product","link":"https:\/\/lojafilhosdemaria.com.br\/?product=terco-de-nossa-senhora-das-dores-lilas","title":{"rendered":"Ter\u00e7o de Nossa Senhora das Dores Lil\u00e1s"},"content":{"rendered":"<p>Ter\u00e7o de Nossa Senhora das Dores Lil\u00e1s<\/p>\n<p><strong>Especifica\u00e7\u00f5es:<\/strong><br \/>\n<strong>Conta:<\/strong>\u00a08mm<br \/>\n<strong>Medalha:<\/strong> 1,7cm altura x 1,4cm largura<br \/>\n<strong>Crucifixo:<\/strong> 4cm altura x 2,5cm largura<br \/>\n<strong>Comprimento:<\/strong> 34,5cm<\/p>\n<p>*Medidas aproximadas<\/p>\n","protected":false},"excerpt":{"rendered":"<p>Ter\u00e7o de Nossa Senhora das Dores Lil\u00e1s Especifica\u00e7\u00f5es: Conta:\u00a08mm Medalha: 1,7cm altura x 1,4cm largura Crucifixo: 4cm altura x 2,5cm<\/p>\n","protected":false},"featured_media":29616,"comment_status":"open","ping_status":"closed","template":"","meta":{"_themeisle_gutenberg_block_has_review":false},"product_brand":[],"product_cat":[74],"product_tag":[128,130,125,129,127,131,126,124],"class_list":{"0":"post-29615","1":"product","2":"type-product","3":"status-publish","4":"has-post-thumbnail","6":"product_cat-tercos","7":"product_tag-dores","8":"product_tag-lilas","9":"product_tag-nossa","10":"product_tag-nossa-senhora","11":"product_tag-nossa-senhora-das-dores","12":"product_tag-roxo","13":"product_tag-senhora","14":"product_tag-terco","15":"product_shipping_class-entrega-padrao","17":"first","18":"instock","19":"shipping-taxable","20":"purchasable","21":"product-type-simple"},"_links":{"self":[{"href":"https:\/\/lojafilhosdemaria.com.br\/index.php?rest_route=\/wp\/v2\/product\/29615","targetHints":{"allow":["GET"]}}],"collection":[{"href":"https:\/\/lojafilhosdemaria.com.br\/index.php?rest_route=\/wp\/v2\/product"}],"about":[{"href":"https:\/\/lojafilhosdemaria.com.br\/index.php?rest_route=\/wp\/v2\/types\/product"}],"replies":[{"embeddable":true,"href":"https:\/\/lojafilhosdemaria.com.br\/index.php?rest_route=%2Fwp%2Fv2%2Fcomments&post=29615"}],"version-history":[{"count":1,"href":"https:\/\/lojafilhosdemaria.com.br\/index.php?rest_route=\/wp\/v2\/product\/29615\/revisions"}],"predecessor-version":[{"id":29617,"href":"https:\/\/lojafilhosdemaria.com.br\/index.php?rest_route=\/wp\/v2\/product\/29615\/revisions\/29617"}],"wp:featuredmedia":[{"embeddable":true,"href":"https:\/\/lojafilhosdemaria.com.br\/index.php?rest_route=\/wp\/v2\/media\/29616"}],"wp:attachment":[{"href":"https:\/\/lojafilhosdemaria.com.br\/index.php?rest_route=%2Fwp%2Fv2%2Fmedia&parent=29615"}],"wp:term":[{"taxonomy":"product_brand","embeddable":true,"href":"https:\/\/lojafilhosdemaria.com.br\/index.php?rest_route=%2Fwp%2Fv2%2Fproduct_brand&post=29615"},{"taxonomy":"product_cat","embeddable":true,"href":"https:\/\/lojafilhosdemaria.com.br\/index.php?rest_route=%2Fwp%2Fv2%2Fproduct_cat&post=29615"},{"taxonomy":"product_tag","embeddable":true,"href":"https:\/\/lojafilhosdemaria.com.br\/index.php?rest_route=%2Fwp%2Fv2%2Fproduct_tag&post=29615"}],"curies":[{"name":"wp","href":"https:\/\/api.w.org\/{rel}","templated":true}]}}