{"id":29572,"date":"2025-08-25T17:39:13","date_gmt":"2025-08-25T20:39:13","guid":{"rendered":"https:\/\/lojafilhosdemaria.com.br\/?post_type=product&#038;p=29572"},"modified":"2025-08-25T17:44:22","modified_gmt":"2025-08-25T20:44:22","slug":"imagem-de-sao-padre-pio-em-gesso-de-20cm","status":"publish","type":"product","link":"https:\/\/lojafilhosdemaria.com.br\/?product=imagem-de-sao-padre-pio-em-gesso-de-20cm","title":{"rendered":"Imagem de S\u00e3o Padre Pio em Gesso de 20cm"},"content":{"rendered":"<p style=\"text-align: justify;\"><span style=\"font-family: 'Arial',sans-serif;\">Imagem de S\u00e3o Padre Pio em Gesso de 20cm<\/span><\/p>\n<p style=\"text-align: justify;\"><strong><span style=\"font-family: 'Arial',sans-serif;\">Especifica\u00e7\u00f5es<\/span><\/strong><b><span style=\"font-family: 'Arial',sans-serif;\"><br \/>\n<strong>Altura:<\/strong><\/span><\/b><span style=\"font-family: 'Arial',sans-serif;\"> 19cm<br \/>\n<strong>Largura base:<\/strong> 5cm<\/span><\/p>\n<p style=\"text-align: justify;\"><span style=\"font-family: 'Arial',sans-serif;\">*Medidas aproximadas<\/span><\/p>\n","protected":false},"excerpt":{"rendered":"<p>Imagem de S\u00e3o Padre Pio em Gesso de 20cm Especifica\u00e7\u00f5es Altura: 19cm Largura base: 5cm *Medidas aproximadas<\/p>\n","protected":false},"featured_media":29573,"comment_status":"open","ping_status":"closed","template":"","meta":{"_themeisle_gutenberg_block_has_review":false},"product_brand":[],"product_cat":[76,75,37],"product_tag":[92,88,102,87,83,104,106,105,90,93,107],"class_list":{"0":"post-29572","1":"product","2":"type-product","3":"status-publish","4":"has-post-thumbnail","6":"product_cat-20-cm","7":"product_cat-gesso","8":"product_cat-imagens","9":"product_tag-92","10":"product_tag-20cm","11":"product_tag-benedito","12":"product_tag-gesso","13":"product_tag-imagem","14":"product_tag-padre","15":"product_tag-padre-pio","16":"product_tag-pio","17":"product_tag-santo","18":"product_tag-sao","19":"product_tag-sao-padre-pio","20":"product_shipping_class-entrega-padrao","22":"first","23":"instock","24":"shipping-taxable","25":"purchasable","26":"product-type-simple"},"_links":{"self":[{"href":"https:\/\/lojafilhosdemaria.com.br\/index.php?rest_route=\/wp\/v2\/product\/29572","targetHints":{"allow":["GET"]}}],"collection":[{"href":"https:\/\/lojafilhosdemaria.com.br\/index.php?rest_route=\/wp\/v2\/product"}],"about":[{"href":"https:\/\/lojafilhosdemaria.com.br\/index.php?rest_route=\/wp\/v2\/types\/product"}],"replies":[{"embeddable":true,"href":"https:\/\/lojafilhosdemaria.com.br\/index.php?rest_route=%2Fwp%2Fv2%2Fcomments&post=29572"}],"version-history":[{"count":1,"href":"https:\/\/lojafilhosdemaria.com.br\/index.php?rest_route=\/wp\/v2\/product\/29572\/revisions"}],"predecessor-version":[{"id":29577,"href":"https:\/\/lojafilhosdemaria.com.br\/index.php?rest_route=\/wp\/v2\/product\/29572\/revisions\/29577"}],"wp:featuredmedia":[{"embeddable":true,"href":"https:\/\/lojafilhosdemaria.com.br\/index.php?rest_route=\/wp\/v2\/media\/29573"}],"wp:attachment":[{"href":"https:\/\/lojafilhosdemaria.com.br\/index.php?rest_route=%2Fwp%2Fv2%2Fmedia&parent=29572"}],"wp:term":[{"taxonomy":"product_brand","embeddable":true,"href":"https:\/\/lojafilhosdemaria.com.br\/index.php?rest_route=%2Fwp%2Fv2%2Fproduct_brand&post=29572"},{"taxonomy":"product_cat","embeddable":true,"href":"https:\/\/lojafilhosdemaria.com.br\/index.php?rest_route=%2Fwp%2Fv2%2Fproduct_cat&post=29572"},{"taxonomy":"product_tag","embeddable":true,"href":"https:\/\/lojafilhosdemaria.com.br\/index.php?rest_route=%2Fwp%2Fv2%2Fproduct_tag&post=29572"}],"curies":[{"name":"wp","href":"https:\/\/api.w.org\/{rel}","templated":true}]}}