{"id":29536,"date":"2025-08-25T17:07:10","date_gmt":"2025-08-25T20:07:10","guid":{"rendered":"https:\/\/lojafilhosdemaria.com.br\/?post_type=product&#038;p=29536"},"modified":"2025-08-25T17:07:11","modified_gmt":"2025-08-25T20:07:11","slug":"imagem-de-santo-antonio-em-gesso-de-20cm","status":"publish","type":"product","link":"https:\/\/lojafilhosdemaria.com.br\/?product=imagem-de-santo-antonio-em-gesso-de-20cm","title":{"rendered":"Imagem de Santo Ant\u00f4nio em Gesso de 20cm"},"content":{"rendered":"<p style=\"text-align: justify;\"><span style=\"font-family: 'Arial',sans-serif;\">Imagem de Santo Ant\u00f4nio em Gesso de 20cm<\/span><\/p>\n<p style=\"text-align: justify;\"><strong><span style=\"font-family: 'Arial',sans-serif;\">Especifica\u00e7\u00f5es<\/span><\/strong><b><span style=\"font-family: 'Arial',sans-serif;\"><br \/>\n<strong>Altura:<\/strong><\/span><\/b><span style=\"font-family: 'Arial',sans-serif;\"> 21cm<br \/>\n<strong>Largura base:<\/strong> 6cm<\/span><\/p>\n<p style=\"text-align: justify;\"><span style=\"font-family: 'Arial',sans-serif;\">*Medidas aproximadas<\/span><\/p>\n","protected":false},"excerpt":{"rendered":"<p>Imagem de Santo Ant\u00f4nio em Gesso de 20cm Especifica\u00e7\u00f5es Altura: 21cm Largura base: 6cm *Medidas aproximadas<\/p>\n","protected":false},"featured_media":29539,"comment_status":"open","ping_status":"closed","template":"","meta":{"_themeisle_gutenberg_block_has_review":false},"product_brand":[],"product_cat":[76,75,37],"product_tag":[92,88,89,87,83,90,91],"class_list":{"0":"post-29536","1":"product","2":"type-product","3":"status-publish","4":"has-post-thumbnail","6":"product_cat-20-cm","7":"product_cat-gesso","8":"product_cat-imagens","9":"product_tag-92","10":"product_tag-20cm","11":"product_tag-antonio","12":"product_tag-gesso","13":"product_tag-imagem","14":"product_tag-santo","15":"product_tag-santo-antonio","16":"product_shipping_class-entrega-padrao","18":"first","19":"instock","20":"shipping-taxable","21":"purchasable","22":"product-type-simple"},"_links":{"self":[{"href":"https:\/\/lojafilhosdemaria.com.br\/index.php?rest_route=\/wp\/v2\/product\/29536","targetHints":{"allow":["GET"]}}],"collection":[{"href":"https:\/\/lojafilhosdemaria.com.br\/index.php?rest_route=\/wp\/v2\/product"}],"about":[{"href":"https:\/\/lojafilhosdemaria.com.br\/index.php?rest_route=\/wp\/v2\/types\/product"}],"replies":[{"embeddable":true,"href":"https:\/\/lojafilhosdemaria.com.br\/index.php?rest_route=%2Fwp%2Fv2%2Fcomments&post=29536"}],"version-history":[{"count":1,"href":"https:\/\/lojafilhosdemaria.com.br\/index.php?rest_route=\/wp\/v2\/product\/29536\/revisions"}],"predecessor-version":[{"id":29541,"href":"https:\/\/lojafilhosdemaria.com.br\/index.php?rest_route=\/wp\/v2\/product\/29536\/revisions\/29541"}],"wp:featuredmedia":[{"embeddable":true,"href":"https:\/\/lojafilhosdemaria.com.br\/index.php?rest_route=\/wp\/v2\/media\/29539"}],"wp:attachment":[{"href":"https:\/\/lojafilhosdemaria.com.br\/index.php?rest_route=%2Fwp%2Fv2%2Fmedia&parent=29536"}],"wp:term":[{"taxonomy":"product_brand","embeddable":true,"href":"https:\/\/lojafilhosdemaria.com.br\/index.php?rest_route=%2Fwp%2Fv2%2Fproduct_brand&post=29536"},{"taxonomy":"product_cat","embeddable":true,"href":"https:\/\/lojafilhosdemaria.com.br\/index.php?rest_route=%2Fwp%2Fv2%2Fproduct_cat&post=29536"},{"taxonomy":"product_tag","embeddable":true,"href":"https:\/\/lojafilhosdemaria.com.br\/index.php?rest_route=%2Fwp%2Fv2%2Fproduct_tag&post=29536"}],"curies":[{"name":"wp","href":"https:\/\/api.w.org\/{rel}","templated":true}]}}