{"id":29493,"date":"2025-08-25T13:04:52","date_gmt":"2025-08-25T16:04:52","guid":{"rendered":"https:\/\/lojafilhosdemaria.com.br\/?post_type=product&#038;p=29493"},"modified":"2025-08-25T17:01:42","modified_gmt":"2025-08-25T20:01:42","slug":"imagem-da-sagrada-familia-em-gesso-de-20cm-2","status":"publish","type":"product","link":"https:\/\/lojafilhosdemaria.com.br\/?product=imagem-da-sagrada-familia-em-gesso-de-20cm-2","title":{"rendered":"Imagem da Sagrada Fam\u00edlia em Gesso de 20cm"},"content":{"rendered":"<p style=\"text-align: justify;\"><span style=\"font-family: 'Arial',sans-serif;\">Imagem da Sagrada Fam\u00edlia em Gesso de 20cm<\/span><\/p>\n<p style=\"text-align: justify;\"><strong><span style=\"font-family: 'Arial',sans-serif;\">Especifica\u00e7\u00f5es<\/span><\/strong><b><span style=\"font-family: 'Arial',sans-serif;\"><br \/>\n<strong>Altura:<\/strong><\/span><\/b><span style=\"font-family: 'Arial',sans-serif;\"> 21cm<br \/>\n<strong>Largura base:\u00a0<\/strong>9cm<\/span><\/p>\n<p style=\"text-align: justify;\"><span style=\"font-family: 'Arial',sans-serif;\">*Medidas aproximadas<\/span><\/p>\n","protected":false},"excerpt":{"rendered":"<p>Imagem da Sagrada Fam\u00edlia em Gesso de 20cm Especifica\u00e7\u00f5es Altura: 21cm Largura base:\u00a09cm *Medidas aproximadas<\/p>\n","protected":false},"featured_media":29494,"comment_status":"open","ping_status":"closed","template":"","meta":{"_themeisle_gutenberg_block_has_review":false},"product_brand":[],"product_cat":[76,75,37],"product_tag":[88,85,87,83,86,84],"class_list":{"0":"post-29493","1":"product","2":"type-product","3":"status-publish","4":"has-post-thumbnail","6":"product_cat-20-cm","7":"product_cat-gesso","8":"product_cat-imagens","9":"product_tag-20cm","10":"product_tag-familia","11":"product_tag-gesso","12":"product_tag-imagem","13":"product_tag-sagrada","14":"product_tag-sagrada-familia","15":"product_shipping_class-entrega-padrao","17":"first","18":"instock","19":"shipping-taxable","20":"purchasable","21":"product-type-simple"},"_links":{"self":[{"href":"https:\/\/lojafilhosdemaria.com.br\/index.php?rest_route=\/wp\/v2\/product\/29493","targetHints":{"allow":["GET"]}}],"collection":[{"href":"https:\/\/lojafilhosdemaria.com.br\/index.php?rest_route=\/wp\/v2\/product"}],"about":[{"href":"https:\/\/lojafilhosdemaria.com.br\/index.php?rest_route=\/wp\/v2\/types\/product"}],"replies":[{"embeddable":true,"href":"https:\/\/lojafilhosdemaria.com.br\/index.php?rest_route=%2Fwp%2Fv2%2Fcomments&post=29493"}],"version-history":[{"count":1,"href":"https:\/\/lojafilhosdemaria.com.br\/index.php?rest_route=\/wp\/v2\/product\/29493\/revisions"}],"predecessor-version":[{"id":29498,"href":"https:\/\/lojafilhosdemaria.com.br\/index.php?rest_route=\/wp\/v2\/product\/29493\/revisions\/29498"}],"wp:featuredmedia":[{"embeddable":true,"href":"https:\/\/lojafilhosdemaria.com.br\/index.php?rest_route=\/wp\/v2\/media\/29494"}],"wp:attachment":[{"href":"https:\/\/lojafilhosdemaria.com.br\/index.php?rest_route=%2Fwp%2Fv2%2Fmedia&parent=29493"}],"wp:term":[{"taxonomy":"product_brand","embeddable":true,"href":"https:\/\/lojafilhosdemaria.com.br\/index.php?rest_route=%2Fwp%2Fv2%2Fproduct_brand&post=29493"},{"taxonomy":"product_cat","embeddable":true,"href":"https:\/\/lojafilhosdemaria.com.br\/index.php?rest_route=%2Fwp%2Fv2%2Fproduct_cat&post=29493"},{"taxonomy":"product_tag","embeddable":true,"href":"https:\/\/lojafilhosdemaria.com.br\/index.php?rest_route=%2Fwp%2Fv2%2Fproduct_tag&post=29493"}],"curies":[{"name":"wp","href":"https:\/\/api.w.org\/{rel}","templated":true}]}}