{"id":29384,"date":"2025-08-22T12:33:42","date_gmt":"2025-08-22T15:33:42","guid":{"rendered":"https:\/\/lojafilhosdemaria.com.br\/?page_id=29384"},"modified":"2025-08-26T18:09:51","modified_gmt":"2025-08-26T21:09:51","slug":"politica-de-trocas-e-devolucoes","status":"publish","type":"page","link":"https:\/\/lojafilhosdemaria.com.br\/?page_id=29384","title":{"rendered":"Pol\u00edtica de Trocas e Devolu\u00e7\u00f5es"},"content":{"rendered":"\n<hr class=\"wp-block-separator has-alpha-channel-opacity\"\/>\n\n\n\n<h3 class=\"wp-block-heading\">Prazo<\/h3>\n\n\n\n<p>Voc\u00ea pode solicitar a <strong>devolu\u00e7\u00e3o ou troca<\/strong> em at\u00e9 <strong>7 (sete) dias corridos<\/strong> ap\u00f3s o recebimento, sem custo adicional, conforme o C\u00f3digo de Defesa do Consumidor.<\/p>\n\n\n\n<h3 class=\"wp-block-heading\">Condi\u00e7\u00f5es para Troca\/Devolu\u00e7\u00e3o<\/h3>\n\n\n\n<p>O produto dever\u00e1:<\/p>\n\n\n\n<ul class=\"wp-block-list\">\n<li>Estar na <strong>embalagem original<\/strong>, sem sinais de uso ou viola\u00e7\u00e3o;<\/li>\n\n\n\n<li>Conter <strong>todos os acess\u00f3rios e itens<\/strong> que acompanham o produto;<\/li>\n\n\n\n<li>N\u00e3o ter sido utilizado, lavado ou consertado;<\/li>\n\n\n\n<li>Estar acompanhado da <strong>nota fiscal ou cupom fiscal<\/strong>.<\/li>\n<\/ul>\n\n\n\n<hr class=\"wp-block-separator has-alpha-channel-opacity\"\/>\n\n\n\n<h2 class=\"wp-block-heading\"><strong>Pol\u00edtica de Reembolso<\/strong><\/h2>\n\n\n\n<p>Ap\u00f3s a aprova\u00e7\u00e3o da devolu\u00e7\u00e3o, o reembolso ser\u00e1 realizado da seguinte forma:<\/p>\n\n\n\n<ul class=\"wp-block-list\">\n<li><strong>Cart\u00e3o de cr\u00e9dito<\/strong>: estorno direto na fatura, em at\u00e9 <strong>7 dias \u00fateis<\/strong>.<\/li>\n\n\n\n<li><strong>Boleto banc\u00e1rio<\/strong>: devolu\u00e7\u00e3o via transfer\u00eancia banc\u00e1ria, em at\u00e9 <strong>7 dias \u00fateis<\/strong>.<\/li>\n<\/ul>\n\n\n\n<hr class=\"wp-block-separator has-alpha-channel-opacity\"\/>\n\n\n\n<h2 class=\"wp-block-heading\"><strong>Contato<\/strong><\/h2>\n\n\n\n<p>Para d\u00favidas, solicita\u00e7\u00f5es de troca, devolu\u00e7\u00e3o ou reembolso, entre em contato pelos nossos canais:<\/p>\n\n\n\n<hr class=\"wp-block-separator has-alpha-channel-opacity\"\/>\n\n\n\n<h2 class=\"wp-block-heading\"><strong>5. Considera\u00e7\u00f5es Finais<\/strong><\/h2>\n\n\n\n<p>A <strong>Filhos de Maria<\/strong> busca sempre oferecer uma compra segura, transparente e satisfat\u00f3ria. Situa\u00e7\u00f5es externas, como greves, condi\u00e7\u00f5es clim\u00e1ticas adversas ou atrasos log\u00edsticos, podem impactar o prazo de entrega, mas estaremos \u00e0 disposi\u00e7\u00e3o para acompanhar cada caso e oferecer o suporte necess\u00e1rio.<\/p>\n\n\n\n<p><\/p>\n","protected":false},"excerpt":{"rendered":"<p>Prazo Voc\u00ea pode solicitar a devolu\u00e7\u00e3o ou troca em at\u00e9 7 (sete) dias corridos ap\u00f3s o recebimento, sem custo adicional,<\/p>\n","protected":false},"author":1,"featured_media":0,"parent":0,"menu_order":0,"comment_status":"closed","ping_status":"open","template":"","meta":{"_themeisle_gutenberg_block_has_review":false,"footnotes":""},"class_list":["post-29384","page","type-page","status-publish","hentry"],"_links":{"self":[{"href":"https:\/\/lojafilhosdemaria.com.br\/index.php?rest_route=\/wp\/v2\/pages\/29384","targetHints":{"allow":["GET"]}}],"collection":[{"href":"https:\/\/lojafilhosdemaria.com.br\/index.php?rest_route=\/wp\/v2\/pages"}],"about":[{"href":"https:\/\/lojafilhosdemaria.com.br\/index.php?rest_route=\/wp\/v2\/types\/page"}],"author":[{"embeddable":true,"href":"https:\/\/lojafilhosdemaria.com.br\/index.php?rest_route=\/wp\/v2\/users\/1"}],"replies":[{"embeddable":true,"href":"https:\/\/lojafilhosdemaria.com.br\/index.php?rest_route=%2Fwp%2Fv2%2Fcomments&post=29384"}],"version-history":[{"count":1,"href":"https:\/\/lojafilhosdemaria.com.br\/index.php?rest_route=\/wp\/v2\/pages\/29384\/revisions"}],"predecessor-version":[{"id":29386,"href":"https:\/\/lojafilhosdemaria.com.br\/index.php?rest_route=\/wp\/v2\/pages\/29384\/revisions\/29386"}],"wp:attachment":[{"href":"https:\/\/lojafilhosdemaria.com.br\/index.php?rest_route=%2Fwp%2Fv2%2Fmedia&parent=29384"}],"curies":[{"name":"wp","href":"https:\/\/api.w.org\/{rel}","templated":true}]}}